{"id":8411,"date":"2023-03-05T15:15:53","date_gmt":"2023-03-05T14:15:53","guid":{"rendered":"https:\/\/hotel-falken.com\/?page_id=8411"},"modified":"2023-03-22T13:31:31","modified_gmt":"2023-03-22T12:31:31","slug":"ausflugstips-mit-kindern","status":"publish","type":"page","link":"https:\/\/hotel-falken.com\/it\/ausflugstips-mit-kindern\/","title":{"rendered":"Escursioni e consigli per bambini"},"content":{"rendered":"\t\t<div data-elementor-type=\"wp-page\" data-elementor-id=\"8411\" class=\"elementor elementor-8411 elementor-8409\" data-elementor-post-type=\"page\">\n\t\t\t\t\t\t<section class=\"elementor-section elementor-top-section elementor-element elementor-element-89d494d elementor-section-full_width qodef-elementor-content-grid elementor-section-height-default elementor-section-height-default\" data-id=\"89d494d\" data-element_type=\"section\">\n\t\t\t\t\t\t<div class=\"elementor-container elementor-column-gap-no\">\n\t\t\t\t\t<div class=\"elementor-column elementor-col-33 elementor-top-column elementor-element elementor-element-8b609be\" data-id=\"8b609be\" data-element_type=\"column\">\n\t\t\t<div class=\"elementor-widget-wrap elementor-element-populated\">\n\t\t\t\t\t\t<div class=\"elementor-element elementor-element-fd35d10 elementor-widget elementor-widget-heading\" data-id=\"fd35d10\" data-element_type=\"widget\" data-widget_type=\"heading.default\">\n\t\t\t\t<div class=\"elementor-widget-container\">\n\t\t\t\t\t<h3 class=\"elementor-heading-title elementor-size-default\">Escursioni con bambini<\/h3>\t\t\t\t<\/div>\n\t\t\t\t<\/div>\n\t\t\t\t\t<\/div>\n\t\t<\/div>\n\t\t\t\t<div class=\"elementor-column elementor-col-66 elementor-top-column elementor-element elementor-element-f0df83e\" data-id=\"f0df83e\" data-element_type=\"column\">\n\t\t\t<div class=\"elementor-widget-wrap elementor-element-populated\">\n\t\t\t\t\t\t<div class=\"elementor-element elementor-element-8921bc5 elementor-widget elementor-widget-wp-widget-alloggio_core_custom_font\" data-id=\"8921bc5\" data-element_type=\"widget\" data-widget_type=\"wp-widget-alloggio_core_custom_font.default\">\n\t\t\t\t<div class=\"elementor-widget-container\">\n\t\t\t\t\t<p class=\"qodef-shortcode qodef-m  qodef-custom-font qodef-custom-font-1 qodef-layout--simple\" style=\"font-size: 21px;line-height: 34px\">Per piccoli e grandi bambini<\/p>\t\t\t\t<\/div>\n\t\t\t\t<\/div>\n\t\t\t\t<div class=\"elementor-element elementor-element-687afa9 elementor-widget elementor-widget-text-editor\" data-id=\"687afa9\" data-element_type=\"widget\" data-widget_type=\"text-editor.default\">\n\t\t\t\t<div class=\"elementor-widget-container\">\n\t\t\t\t\t\t\t\t\t<p>Bambini! Uscite fuori, nella natura, esplorate il bosco e trovate la vostra avventura!<\/p>\t\t\t\t\t\t\t\t<\/div>\n\t\t\t\t<\/div>\n\t\t\t\t\t<\/div>\n\t\t<\/div>\n\t\t\t\t\t<\/div>\n\t\t<\/section>\n\t\t\t\t<section class=\"elementor-section elementor-top-section elementor-element elementor-element-a9bcd75 elementor-section-full_width qodef-elementor-content-grid elementor-section-height-default elementor-section-height-default\" data-id=\"a9bcd75\" data-element_type=\"section\">\n\t\t\t\t\t\t<div class=\"elementor-container elementor-column-gap-no\">\n\t\t\t\t\t<div class=\"elementor-column elementor-col-33 elementor-top-column elementor-element elementor-element-2fd5d8f\" data-id=\"2fd5d8f\" data-element_type=\"column\">\n\t\t\t<div class=\"elementor-widget-wrap elementor-element-populated\">\n\t\t\t\t\t\t<div class=\"elementor-element elementor-element-d735bb5 elementor-widget elementor-widget-alloggio_core_image_with_text\" data-id=\"d735bb5\" data-element_type=\"widget\" data-widget_type=\"alloggio_core_image_with_text.default\">\n\t\t\t\t<div class=\"elementor-widget-container\">\n\t\t\t\t\t<div class=\"qodef-shortcode qodef-m  qodef-image-with-text qodef-layout--text-below qodef--has-shadow qodef-action--custom-link\">\n\t<div class=\"qodef-m-image\">\n\t\t\t\t\t\t\t\t<a itemprop=\"url\" href=\"https:\/\/kronaction.com\/\" target=\"_blank\">\n\t\t\t\t\t\t\t\t\t\t<img fetchpriority=\"high\" decoding=\"async\" width=\"2000\" height=\"1334\" src=\"https:\/\/hotel-falken.com\/wp-content\/uploads\/2023\/03\/Kronaction1.jpg\" class=\"qodef-e-main-image\" alt=\"\" srcset=\"https:\/\/hotel-falken.com\/wp-content\/uploads\/2023\/03\/Kronaction1.jpg 2000w, https:\/\/hotel-falken.com\/wp-content\/uploads\/2023\/03\/Kronaction1-300x200.jpg 300w, https:\/\/hotel-falken.com\/wp-content\/uploads\/2023\/03\/Kronaction1-1024x683.jpg 1024w, https:\/\/hotel-falken.com\/wp-content\/uploads\/2023\/03\/Kronaction1-768x512.jpg 768w, https:\/\/hotel-falken.com\/wp-content\/uploads\/2023\/03\/Kronaction1-1536x1025.jpg 1536w, https:\/\/hotel-falken.com\/wp-content\/uploads\/2023\/03\/Kronaction1-1320x880.jpg 1320w\" sizes=\"(max-width: 2000px) 100vw, 2000px\" \/>\t\t\t\t\t\t\t\t\t<\/a>\n\t\t\t\t\t\t\t<\/div>\t<div class=\"qodef-m-content\">\n\t\t\t<h4 class=\"qodef-m-title\" style=\"margin-top: 20px\">\n\t\t\t\t\t<a itemprop=\"url\" href=\"https:\/\/kronaction.com\/\" target=\"_blank\">\n\t\t\t\t\tKronaction parco avventura\t\t\t\t\t<\/a>\n\t\t\t<\/h4>\n\t\t\t<p class=\"qodef-m-text\" >A Falzes si trova direttamente presso il lago balneabile Issinger Weiher e accanto al giardino delle erbe aromatiche Bergila si trova il percorso ad alta fune. Azione Kron. C&#039;\u00e8 molto divertimento ed emozioni l\u00ec. Viene annunciata la variet\u00e0 per tutta la famiglia; Grandi o piccoli, ognuno trover\u00e0 l\u00ec il proprio corso. I dipendenti esperti del percorso ad alta fune garantiscono la sicurezza.\n\u00c8 il pi\u00f9 grande percorso ad alta fune dell&#039;Alto Adige\n\u00bb Costruito e certificato secondo la norma europea 15567\n\u00bb Molti esercizi ed estensioni\n\u00bb Oltre 140 stazioni di diversi livelli\n\u00bb 11 diversi percorsi da facili a impegnativi, per grandi e piccoli.<\/p>\n\t<\/div>\n<\/div>\t\t\t\t<\/div>\n\t\t\t\t<\/div>\n\t\t\t\t\t<\/div>\n\t\t<\/div>\n\t\t\t\t<div class=\"elementor-column elementor-col-33 elementor-top-column elementor-element elementor-element-7bb917f\" data-id=\"7bb917f\" data-element_type=\"column\">\n\t\t\t<div class=\"elementor-widget-wrap elementor-element-populated\">\n\t\t\t\t\t\t<div class=\"elementor-element elementor-element-e82621a elementor-widget elementor-widget-alloggio_core_image_with_text\" data-id=\"e82621a\" data-element_type=\"widget\" data-widget_type=\"alloggio_core_image_with_text.default\">\n\t\t\t\t<div class=\"elementor-widget-container\">\n\t\t\t\t\t<div class=\"qodef-shortcode qodef-m  qodef-image-with-text qodef-layout--text-below qodef--has-shadow \">\n\t<div class=\"qodef-m-image\">\n\t\t\t\t\t\t\t\t\t<img decoding=\"async\" width=\"1500\" height=\"998\" src=\"https:\/\/hotel-falken.com\/wp-content\/uploads\/2023\/03\/ND40655.jpg\" class=\"qodef-e-main-image\" alt=\"\" srcset=\"https:\/\/hotel-falken.com\/wp-content\/uploads\/2023\/03\/ND40655.jpg 1500w, https:\/\/hotel-falken.com\/wp-content\/uploads\/2023\/03\/ND40655-300x200.jpg 300w, https:\/\/hotel-falken.com\/wp-content\/uploads\/2023\/03\/ND40655-1024x681.jpg 1024w, https:\/\/hotel-falken.com\/wp-content\/uploads\/2023\/03\/ND40655-768x511.jpg 768w, https:\/\/hotel-falken.com\/wp-content\/uploads\/2023\/03\/ND40655-1320x878.jpg 1320w\" sizes=\"(max-width: 1500px) 100vw, 1500px\" \/>\t\t\t\t\t\t\t\t\t<\/div>\t<div class=\"qodef-m-content\">\n\t\t\t<h4 class=\"qodef-m-title\" style=\"margin-top: 20px\">\n\t\t\t\t\tSentiero Land-Art a Falzes\t\t\t<\/h4>\n\t\t\t<p class=\"qodef-m-text\" >Nella zona sportiva di Falzes, a quasi 1000 m di altitudine, grandi e piccini possono intraprendere una grande avventura che riserva molte sorprese. Conosciuto quasi a livello nazionale, il LandArt Trail combina la tranquillit\u00e0 e la piacevole frescura della foresta con speciali opere d&#039;arte create lungo il percorso da artisti locali. In un punto un uomo di muschio \u00e8 aggrappato a un albero, in un altro ci sono enormi gufi di legno o ti perdi nel labirinto.\n\nDiversi artisti di Falzes lavorano con materiali naturali, perch\u00e9 dovrebbe essere l&#039;arte nella e con la natura a costituire il percorso LandArt. Il percorso \u00e8 sempre diverso, perch\u00e9 le opere d&#039;arte subiscono e mutano nel tempo. L&#039;escursione, lunga poco pi\u00f9 di 2 km, \u00e8 di facile percorrenza e percorribile in un&#039;ora, anche con carrozzina (sentiero n. 5). La piccola differenza di altezza \u00e8 appena percettibile.<\/p>\n\t<\/div>\n<\/div>\t\t\t\t<\/div>\n\t\t\t\t<\/div>\n\t\t\t\t\t<\/div>\n\t\t<\/div>\n\t\t\t\t<div class=\"elementor-column elementor-col-33 elementor-top-column elementor-element elementor-element-686c4c7\" data-id=\"686c4c7\" data-element_type=\"column\">\n\t\t\t<div class=\"elementor-widget-wrap elementor-element-populated\">\n\t\t\t\t\t\t<div class=\"elementor-element elementor-element-6330fff elementor-widget elementor-widget-alloggio_core_image_with_text\" data-id=\"6330fff\" data-element_type=\"widget\" data-widget_type=\"alloggio_core_image_with_text.default\">\n\t\t\t\t<div class=\"elementor-widget-container\">\n\t\t\t\t\t<div class=\"qodef-shortcode qodef-m  qodef-image-with-text qodef-layout--text-below qodef--has-shadow qodef-action--custom-link\">\n\t<div class=\"qodef-m-image\">\n\t\t\t\t\t\t\t\t<a itemprop=\"url\" href=\"https:\/\/www.issingerweiher.it\/naturbadesee-issinger-weiher\/\" target=\"_self\">\n\t\t\t\t\t\t\t\t\t\t<img decoding=\"async\" width=\"2560\" height=\"1707\" src=\"https:\/\/hotel-falken.com\/wp-content\/uploads\/2023\/03\/F4H0595_1-scaled.jpg\" class=\"qodef-e-main-image\" alt=\"\" srcset=\"https:\/\/hotel-falken.com\/wp-content\/uploads\/2023\/03\/F4H0595_1-scaled.jpg 2560w, https:\/\/hotel-falken.com\/wp-content\/uploads\/2023\/03\/F4H0595_1-300x200.jpg 300w, https:\/\/hotel-falken.com\/wp-content\/uploads\/2023\/03\/F4H0595_1-1024x683.jpg 1024w, https:\/\/hotel-falken.com\/wp-content\/uploads\/2023\/03\/F4H0595_1-768x512.jpg 768w, https:\/\/hotel-falken.com\/wp-content\/uploads\/2023\/03\/F4H0595_1-1536x1024.jpg 1536w, https:\/\/hotel-falken.com\/wp-content\/uploads\/2023\/03\/F4H0595_1-2048x1365.jpg 2048w, https:\/\/hotel-falken.com\/wp-content\/uploads\/2023\/03\/F4H0595_1-1320x880.jpg 1320w\" sizes=\"(max-width: 2560px) 100vw, 2560px\" \/>\t\t\t\t\t\t\t\t\t<\/a>\n\t\t\t\t\t\t\t<\/div>\t<div class=\"qodef-m-content\">\n\t\t\t<h4 class=\"qodef-m-title\" style=\"margin-top: 20px\">\n\t\t\t\t\t<a itemprop=\"url\" href=\"https:\/\/www.issingerweiher.it\/naturbadesee-issinger-weiher\/\" target=\"_self\">\n\t\t\t\t\tLaghetto balneabile d&#039;Issengo\t\t\t\t\t<\/a>\n\t\t\t<\/h4>\n\t\t\t<p class=\"qodef-m-text\" style=\"margin-top: 13px\">Essendo uno degli ultimi biotopi lacustri dell&#039;Alto Adige, il laghetto d&#039;issengo \u00e8 ricco di specie e diversificato e la flora e la fauna sono uniche. Il lago d&#039;issengo \u00e8 un bellissimo gioiello e un&#039;oasi di relax per ospiti e gente del posto. Per gli amanti dell&#039;acqua: uno scivolo acquatico, una fontana d&#039;acqua in mezzo al lago e un piccolo parco giochi offrono divertimento e giochi per tutta la famiglia\n\nIl lago \u00e8 aperto da met\u00e0 giugno a fine agosto.\n\n<\/p>\n\t<\/div>\n<\/div>\t\t\t\t<\/div>\n\t\t\t\t<\/div>\n\t\t\t\t\t<\/div>\n\t\t<\/div>\n\t\t\t\t\t<\/div>\n\t\t<\/section>\n\t\t\t\t<section class=\"elementor-section elementor-top-section elementor-element elementor-element-a0595bf elementor-section-full_width qodef-elementor-content-grid elementor-section-height-default elementor-section-height-default\" data-id=\"a0595bf\" data-element_type=\"section\">\n\t\t\t\t\t\t<div class=\"elementor-container elementor-column-gap-no\">\n\t\t\t\t\t<div class=\"elementor-column elementor-col-33 elementor-top-column elementor-element elementor-element-1328a0e\" data-id=\"1328a0e\" data-element_type=\"column\">\n\t\t\t<div class=\"elementor-widget-wrap elementor-element-populated\">\n\t\t\t\t\t\t<div class=\"elementor-element elementor-element-588a5c1 elementor-widget elementor-widget-alloggio_core_image_with_text\" data-id=\"588a5c1\" data-element_type=\"widget\" data-widget_type=\"alloggio_core_image_with_text.default\">\n\t\t\t\t<div class=\"elementor-widget-container\">\n\t\t\t\t\t<div class=\"qodef-shortcode qodef-m  qodef-image-with-text qodef-layout--text-below qodef--has-shadow \">\n\t<div class=\"qodef-m-image\">\n\t\t\t\t\t\t\t\t\t<img loading=\"lazy\" decoding=\"async\" width=\"1000\" height=\"552\" src=\"https:\/\/hotel-falken.com\/wp-content\/uploads\/2023\/03\/kinderwelt-olang.jpeg\" class=\"qodef-e-main-image\" alt=\"\" srcset=\"https:\/\/hotel-falken.com\/wp-content\/uploads\/2023\/03\/kinderwelt-olang.jpeg 1000w, https:\/\/hotel-falken.com\/wp-content\/uploads\/2023\/03\/kinderwelt-olang-300x166.jpeg 300w, https:\/\/hotel-falken.com\/wp-content\/uploads\/2023\/03\/kinderwelt-olang-768x424.jpeg 768w\" sizes=\"(max-width: 1000px) 100vw, 1000px\" \/>\t\t\t\t\t\t\t\t\t<\/div>\t<div class=\"qodef-m-content\">\n\t\t\t<h4 class=\"qodef-m-title\" style=\"margin-top: 20px\">\n\t\t\t\t\tMondo bimbi Valdaora\t\t\t<\/h4>\n\t\t\t<p class=\"qodef-m-text\" >Niente di meglio! L&#039;esclusivo parco giochi e avventura nel mezzo della foresta si estende su diverse centinaia di metri quadrati, dove i bambini possono giocare liberamente e liberamente e vivere avventure. L&#039;attrezzatura per l&#039;arrampicata, il mondo acquatico e le varie aree giochi offrono divertimento e variet\u00e0. Il clou assoluto: lo scivolo gigante lungo 56 m, probabilmente il pi\u00f9 lungo dell&#039;Alto Adige.\n\nIl mondo dei bambini di Valdaora si trova direttamente sulla pista ciclabile della Val Pusteria.\n<\/p>\n\t<\/div>\n<\/div>\t\t\t\t<\/div>\n\t\t\t\t<\/div>\n\t\t\t\t\t<\/div>\n\t\t<\/div>\n\t\t\t\t<div class=\"elementor-column elementor-col-33 elementor-top-column elementor-element elementor-element-d2f210d\" data-id=\"d2f210d\" data-element_type=\"column\">\n\t\t\t<div class=\"elementor-widget-wrap elementor-element-populated\">\n\t\t\t\t\t\t<div class=\"elementor-element elementor-element-a924950 elementor-widget elementor-widget-alloggio_core_image_with_text\" data-id=\"a924950\" data-element_type=\"widget\" data-widget_type=\"alloggio_core_image_with_text.default\">\n\t\t\t\t<div class=\"elementor-widget-container\">\n\t\t\t\t\t<div class=\"qodef-shortcode qodef-m  qodef-image-with-text qodef-layout--text-below qodef--has-shadow \">\n\t<div class=\"qodef-m-image\">\n\t\t\t\t\t\t\t\t\t<img loading=\"lazy\" decoding=\"async\" width=\"1776\" height=\"1332\" src=\"https:\/\/hotel-falken.com\/wp-content\/uploads\/2023\/03\/t.jpg\" class=\"qodef-e-main-image\" alt=\"\" srcset=\"https:\/\/hotel-falken.com\/wp-content\/uploads\/2023\/03\/t.jpg 1776w, https:\/\/hotel-falken.com\/wp-content\/uploads\/2023\/03\/t-300x225.jpg 300w, https:\/\/hotel-falken.com\/wp-content\/uploads\/2023\/03\/t-1024x768.jpg 1024w, https:\/\/hotel-falken.com\/wp-content\/uploads\/2023\/03\/t-768x576.jpg 768w, https:\/\/hotel-falken.com\/wp-content\/uploads\/2023\/03\/t-1536x1152.jpg 1536w, https:\/\/hotel-falken.com\/wp-content\/uploads\/2023\/03\/t-1320x990.jpg 1320w\" sizes=\"(max-width: 1776px) 100vw, 1776px\" \/>\t\t\t\t\t\t\t\t\t<\/div>\t<div class=\"qodef-m-content\">\n\t\t\t<h4 class=\"qodef-m-title\" style=\"margin-top: 20px\">\n\t\t\t\t\tSentiero Olperl in Alta Pusteria\t\t\t<\/h4>\n\t\t\t<p class=\"qodef-m-text\" >Il &quot;Olperl-Weg&quot; inizia presso la stazione a monte delle Helmbahnen (2.434 m slm), da Sesto o Versciaco. Si tratta di un sentiero escursionistico circolare lungo 1,5 km, percorribile anche con carrozzine. Attraverserai 10 diverse stazioni dedicate agli animali della fauna alpina. A proposito dell&#039;Olperl: una volta viveva in questa zona un essere misterioso con grandi occhi di fuoco, che continuava a fare brutti scherzi ai residenti e li spaventava con forti fischi.\n\nSi dice che l&#039;Olperl viva ancora oggi sulle montagne di Sesto, sia amico degli animali, ami la frutta e le bacche selvatiche, ma anche uno a cui piace ancora fare scherzi alle persone... L&#039;Olperl \u00e8 anche il sentiero a piedi nudi pi\u00f9 alto delle Dolomiti a 2.150 m s.l.m. Morbido muschio, fresca acqua di sorgente e un&#039;ampia variet\u00e0 di materiali naturali ti aspettano l\u00ec per rinvigorire i tuoi piedi.<\/p>\n\t<\/div>\n<\/div>\t\t\t\t<\/div>\n\t\t\t\t<\/div>\n\t\t\t\t\t<\/div>\n\t\t<\/div>\n\t\t\t\t<div class=\"elementor-column elementor-col-33 elementor-top-column elementor-element elementor-element-45101e6\" data-id=\"45101e6\" data-element_type=\"column\">\n\t\t\t<div class=\"elementor-widget-wrap elementor-element-populated\">\n\t\t\t\t\t\t<div class=\"elementor-element elementor-element-15e6cee elementor-widget elementor-widget-alloggio_core_image_with_text\" data-id=\"15e6cee\" data-element_type=\"widget\" data-widget_type=\"alloggio_core_image_with_text.default\">\n\t\t\t\t<div class=\"elementor-widget-container\">\n\t\t\t\t\t<div class=\"qodef-shortcode qodef-m  qodef-image-with-text qodef-layout--text-below qodef--has-shadow \">\n\t<div class=\"qodef-m-image\">\n\t\t\t\t\t\t\t\t\t<img loading=\"lazy\" decoding=\"async\" width=\"2560\" height=\"1709\" src=\"https:\/\/hotel-falken.com\/wp-content\/uploads\/2023\/03\/WoodBallTrack-1-scaled.jpg\" class=\"qodef-e-main-image\" alt=\"\" srcset=\"https:\/\/hotel-falken.com\/wp-content\/uploads\/2023\/03\/WoodBallTrack-1-scaled.jpg 2560w, https:\/\/hotel-falken.com\/wp-content\/uploads\/2023\/03\/WoodBallTrack-1-300x200.jpg 300w, https:\/\/hotel-falken.com\/wp-content\/uploads\/2023\/03\/WoodBallTrack-1-1024x684.jpg 1024w, https:\/\/hotel-falken.com\/wp-content\/uploads\/2023\/03\/WoodBallTrack-1-768x513.jpg 768w, https:\/\/hotel-falken.com\/wp-content\/uploads\/2023\/03\/WoodBallTrack-1-1536x1025.jpg 1536w, https:\/\/hotel-falken.com\/wp-content\/uploads\/2023\/03\/WoodBallTrack-1-2048x1367.jpg 2048w, https:\/\/hotel-falken.com\/wp-content\/uploads\/2023\/03\/WoodBallTrack-1-1320x881.jpg 1320w\" sizes=\"(max-width: 2560px) 100vw, 2560px\" \/>\t\t\t\t\t\t\t\t\t<\/div>\t<div class=\"qodef-m-content\">\n\t\t\t<h4 class=\"qodef-m-title\" style=\"margin-top: 20px\">\n\t\t\t\t\tCaccia al tesoro al Plan de Corones\t\t\t<\/h4>\n\t\t\t<p class=\"qodef-m-text\" style=\"margin-top: 13px\">Trovi il tesoro?\nLa caccia al tesoro di Plan de Corones offre un&#039;avventura unica a 2.275 m slm!\nIn un totale di nove stazioni, raccogli lettere che si traducono in una soluzione alla fine. La caccia inizia alla campana Concordia 2000 e termina nel parco avventura Little Plan de Corones. Chi scopre con successo tutte le lettere ha anche l&#039;opportunit\u00e0 di sperimentare tutte le particolarit\u00e0 della vetta del Plan de Corones.\n\nCome funziona la caccia al tesoro sul Plan de Corones?\n\nCon l&#039;acquisto di un biglietto junior o per bambini si riceve anche una scheda timbro per la parola risolutiva, una mappa del tesoro e le istruzioni.\nVisita le 9 stazioni in ordine e timbra le lettere sui rispettivi riquadri della tua mappa.\nQuando avrai trovato tutte le lettere potrai ritirare il tesoro all&#039;ultima stazione.\n\nLe stazioni si trovano in cima al Plan de Corones.<\/p>\n\t<\/div>\n<\/div>\t\t\t\t<\/div>\n\t\t\t\t<\/div>\n\t\t\t\t\t<\/div>\n\t\t<\/div>\n\t\t\t\t\t<\/div>\n\t\t<\/section>\n\t\t\t\t<section class=\"elementor-section elementor-top-section elementor-element elementor-element-1531f6e9 elementor-section-full_width elementor-section-height-default elementor-section-height-default qodef-elementor-content-no\" data-id=\"1531f6e9\" data-element_type=\"section\">\n\t\t\t\t\t\t<div class=\"elementor-container elementor-column-gap-no\">\n\t\t\t\t\t<div class=\"elementor-column elementor-col-100 elementor-top-column elementor-element elementor-element-468489ab\" data-id=\"468489ab\" data-element_type=\"column\" data-settings=\"{&quot;background_background&quot;:&quot;classic&quot;}\">\n\t\t\t<div class=\"elementor-widget-wrap elementor-element-populated\">\n\t\t\t\t\t\t<div class=\"elementor-element elementor-element-78dd60ed elementor-widget elementor-widget-wp-widget-alloggio_core_contact_form_7\" data-id=\"78dd60ed\" data-element_type=\"widget\" data-widget_type=\"wp-widget-alloggio_core_contact_form_7.default\">\n\t\t\t\t<div class=\"elementor-widget-container\">\n\t\t\t\t\t\t\t\t<div class=\"qodef-contact-form-7\">\n\t\t\t\t\n<div class=\"wpcf7 no-js\" id=\"wpcf7-f6716-o1\" lang=\"en-US\" dir=\"ltr\" data-wpcf7-id=\"6716\">\n<div class=\"screen-reader-response\"><p role=\"status\" aria-live=\"polite\" aria-atomic=\"true\"><\/p> <ul><\/ul><\/div>\n<form action=\"\/it\/wp-json\/wp\/v2\/pages\/8411#wpcf7-f6716-o1\" method=\"post\" class=\"wpcf7-form init\" aria-label=\"Contact form\" novalidate=\"novalidate\" data-status=\"init\">\n<fieldset class=\"hidden-fields-container\"><input type=\"hidden\" name=\"_wpcf7\" value=\"6716\" \/><input type=\"hidden\" name=\"_wpcf7_version\" value=\"6.1.4\" \/><input type=\"hidden\" name=\"_wpcf7_locale\" value=\"en_US\" \/><input type=\"hidden\" name=\"_wpcf7_unit_tag\" value=\"wpcf7-f6716-o1\" \/><input type=\"hidden\" name=\"_wpcf7_container_post\" value=\"0\" \/><input type=\"hidden\" name=\"_wpcf7_posted_data_hash\" value=\"\" \/><input type=\"hidden\" name=\"_wpcf7_recaptcha_response\" value=\"\" \/>\n<\/fieldset>\n<div class=\"qodef-newsletter-form-style\">\n<h2 class=\"qodef-e-title\"><span class=\"icon-basic-mail-open-text qodef-e-icon\"><\/span>Iscrizione alla newsletter<\/h2><span class=\"wpcf7-form-control-wrap\" data-name=\"your-email\"><input size=\"40\" maxlength=\"400\" class=\"wpcf7-form-control wpcf7-email wpcf7-validates-as-required wpcf7-text wpcf7-validates-as-email\" aria-required=\"true\" aria-invalid=\"false\" placeholder=\"Indirizzo Email\" value=\"\" type=\"email\" name=\"your-email\" \/><\/span><button class=\"wpcf7-form-control wpcf7-submit qodef-button qodef-size--normal qodef-type--outlined qodef-m\" type=\"submit\"><span class=\"qodef-m-text\">Inviare<\/span><\/button>\n<\/div><div class=\"wpcf7-response-output\" aria-hidden=\"true\"><\/div>\n<\/form>\n<\/div>\n\t\t\t<\/div>\n\t\t\t\t\t\t\t<\/div>\n\t\t\t\t<\/div>\n\t\t\t\t\t<\/div>\n\t\t<\/div>\n\t\t\t\t\t<\/div>\n\t\t<\/section>\n\t\t\t\t<\/div>\n\t\t","protected":false},"excerpt":{"rendered":"<p>Escursioni con bambini Bambini! Uscite fuori, nella natura, esplorate il bosco e trovate la vostra avventura! Kronaction parco avventura A Falzes si trova direttamente presso il lago balneabile Issinger Weiher e accanto al giardino delle erbe aromatiche Bergila si trova il percorso ad alta fune. Azione Kron. C&#039;\u00e8 molto divertimento ed emozioni l\u00ec. Viene annunciata [&hellip;]<\/p>\n","protected":false},"author":4,"featured_media":8398,"parent":0,"menu_order":0,"comment_status":"closed","ping_status":"closed","template":"page-full-width.php","meta":{"_acf_changed":false,"footnotes":""},"class_list":["post-8411","page","type-page","status-publish","has-post-thumbnail","hentry"],"acf":[],"_links":{"self":[{"href":"https:\/\/hotel-falken.com\/it\/wp-json\/wp\/v2\/pages\/8411","targetHints":{"allow":["GET"]}}],"collection":[{"href":"https:\/\/hotel-falken.com\/it\/wp-json\/wp\/v2\/pages"}],"about":[{"href":"https:\/\/hotel-falken.com\/it\/wp-json\/wp\/v2\/types\/page"}],"author":[{"embeddable":true,"href":"https:\/\/hotel-falken.com\/it\/wp-json\/wp\/v2\/users\/4"}],"replies":[{"embeddable":true,"href":"https:\/\/hotel-falken.com\/it\/wp-json\/wp\/v2\/comments?post=8411"}],"version-history":[{"count":10,"href":"https:\/\/hotel-falken.com\/it\/wp-json\/wp\/v2\/pages\/8411\/revisions"}],"predecessor-version":[{"id":8669,"href":"https:\/\/hotel-falken.com\/it\/wp-json\/wp\/v2\/pages\/8411\/revisions\/8669"}],"wp:featuredmedia":[{"embeddable":true,"href":"https:\/\/hotel-falken.com\/it\/wp-json\/wp\/v2\/media\/8398"}],"wp:attachment":[{"href":"https:\/\/hotel-falken.com\/it\/wp-json\/wp\/v2\/media?parent=8411"}],"curies":[{"name":"wp","href":"https:\/\/api.w.org\/{rel}","templated":true}]}}