{"id":7764,"date":"2023-02-15T17:26:41","date_gmt":"2023-02-15T16:26:41","guid":{"rendered":"https:\/\/hotel-falken.com\/?page_id=7764"},"modified":"2023-03-22T14:32:16","modified_gmt":"2023-03-22T13:32:16","slug":"escursioni-a-falzes","status":"publish","type":"page","link":"https:\/\/hotel-falken.com\/it\/escursioni-a-falzes\/","title":{"rendered":"Escursioni a Falzes"},"content":{"rendered":"\t\t<div data-elementor-type=\"wp-page\" data-elementor-id=\"7764\" class=\"elementor elementor-7764 elementor-7549\" data-elementor-post-type=\"page\">\n\t\t\t\t\t\t<section class=\"elementor-section elementor-top-section elementor-element elementor-element-89d494d elementor-section-full_width qodef-elementor-content-grid elementor-section-height-default elementor-section-height-default\" data-id=\"89d494d\" data-element_type=\"section\">\n\t\t\t\t\t\t<div class=\"elementor-container elementor-column-gap-no\">\n\t\t\t\t\t<div class=\"elementor-column elementor-col-33 elementor-top-column elementor-element elementor-element-8b609be\" data-id=\"8b609be\" data-element_type=\"column\">\n\t\t\t<div class=\"elementor-widget-wrap elementor-element-populated\">\n\t\t\t\t\t\t<div class=\"elementor-element elementor-element-fd35d10 elementor-widget elementor-widget-heading\" data-id=\"fd35d10\" data-element_type=\"widget\" data-widget_type=\"heading.default\">\n\t\t\t\t<div class=\"elementor-widget-container\">\n\t\t\t\t\t<h3 class=\"elementor-heading-title elementor-size-default\">In giro senza macchina<\/h3>\t\t\t\t<\/div>\n\t\t\t\t<\/div>\n\t\t\t\t\t<\/div>\n\t\t<\/div>\n\t\t\t\t<div class=\"elementor-column elementor-col-66 elementor-top-column elementor-element elementor-element-f0df83e\" data-id=\"f0df83e\" data-element_type=\"column\">\n\t\t\t<div class=\"elementor-widget-wrap elementor-element-populated\">\n\t\t\t\t\t\t<div class=\"elementor-element elementor-element-8921bc5 elementor-widget elementor-widget-wp-widget-alloggio_core_custom_font\" data-id=\"8921bc5\" data-element_type=\"widget\" data-widget_type=\"wp-widget-alloggio_core_custom_font.default\">\n\t\t\t\t<div class=\"elementor-widget-container\">\n\t\t\t\t\t<p class=\"qodef-shortcode qodef-m  qodef-custom-font qodef-custom-font-1 qodef-layout--simple\" style=\"font-size: 21px;line-height: 34px\">Escurioni a Falzes e dintorni<\/p>\t\t\t\t<\/div>\n\t\t\t\t<\/div>\n\t\t\t\t<div class=\"elementor-element elementor-element-687afa9 elementor-widget elementor-widget-text-editor\" data-id=\"687afa9\" data-element_type=\"widget\" data-widget_type=\"text-editor.default\">\n\t\t\t\t<div class=\"elementor-widget-container\">\n\t\t\t\t\t\t\t\t\t<p>Caminare, amirare e godere<br \/>In mezzo alla natura, caminando e amirando, respirate l&#8217;aria pulita<\/p><p>delle montange della Val Pusteria<\/p>\t\t\t\t\t\t\t\t<\/div>\n\t\t\t\t<\/div>\n\t\t\t\t\t<\/div>\n\t\t<\/div>\n\t\t\t\t\t<\/div>\n\t\t<\/section>\n\t\t\t\t<section class=\"elementor-section elementor-top-section elementor-element elementor-element-a9bcd75 elementor-section-full_width qodef-elementor-content-grid elementor-section-height-default elementor-section-height-default\" data-id=\"a9bcd75\" data-element_type=\"section\">\n\t\t\t\t\t\t<div class=\"elementor-container elementor-column-gap-no\">\n\t\t\t\t\t<div class=\"elementor-column elementor-col-33 elementor-top-column elementor-element elementor-element-2fd5d8f\" data-id=\"2fd5d8f\" data-element_type=\"column\">\n\t\t\t<div class=\"elementor-widget-wrap elementor-element-populated\">\n\t\t\t\t\t\t<div class=\"elementor-element elementor-element-d735bb5 elementor-widget elementor-widget-alloggio_core_image_with_text\" data-id=\"d735bb5\" data-element_type=\"widget\" data-widget_type=\"alloggio_core_image_with_text.default\">\n\t\t\t\t<div class=\"elementor-widget-container\">\n\t\t\t\t\t<div class=\"qodef-shortcode qodef-m  qodef-image-with-text qodef-layout--text-below qodef--has-shadow \">\n\t<div class=\"qodef-m-image\">\n\t\t\t\t\t\t\t\t\t<img fetchpriority=\"high\" decoding=\"async\" width=\"1200\" height=\"800\" src=\"https:\/\/hotel-falken.com\/wp-content\/uploads\/2023\/02\/hotelfalken-Web72.jpg\" class=\"qodef-e-main-image\" alt=\"\" srcset=\"https:\/\/hotel-falken.com\/wp-content\/uploads\/2023\/02\/hotelfalken-Web72.jpg 1200w, https:\/\/hotel-falken.com\/wp-content\/uploads\/2023\/02\/hotelfalken-Web72-300x200.jpg 300w, https:\/\/hotel-falken.com\/wp-content\/uploads\/2023\/02\/hotelfalken-Web72-1024x683.jpg 1024w, https:\/\/hotel-falken.com\/wp-content\/uploads\/2023\/02\/hotelfalken-Web72-768x512.jpg 768w\" sizes=\"(max-width: 1200px) 100vw, 1200px\" \/>\t\t\t\t\t\t\t\t\t<\/div>\t<div class=\"qodef-m-content\">\n\t\t\t<h4 class=\"qodef-m-title\" style=\"margin-top: 20px\">\n\t\t\t\t\tFalzes - Chiesa di S. Valentino - Issengo\t\t\t<\/h4>\n\t\t\t<p class=\"qodef-m-text\" >Punto di partenza: Falzes (1022m) centro.\nLungo la strada per Grimaldo in direzione della zona artigianale, bivio n. 7 per la chiesa di S. Valentino, si segue il segnavia 7 fino al sentiero 7 a, in direzione della strada principale, la si attraversa per il parcheggio \u201cBurgerweg\u201d e per la strada poderale si va in direzione di Falzes fino alla zona sportiva.\nQuesta passeggiata pu\u00f2 essere proseguita fino al laghetto di Issengo. Dopo ca. 200 m dal campo sportivo si pu\u00f2 prendere a sinistra per il sentiero n 5 attraverso il bosco e quindi nuovamente sulla strada poderale fino al Laghetto di Issengo. Ritorno per la stessa strada poderale, passando per il biotopo fino alla zona sportiva.\nFacile passeggiata anche per gli anziani\nTempo complessivo di percorrenza: ca. 2-3 ore<\/p>\n\t<\/div>\n<\/div>\t\t\t\t<\/div>\n\t\t\t\t<\/div>\n\t\t\t\t\t<\/div>\n\t\t<\/div>\n\t\t\t\t<div class=\"elementor-column elementor-col-33 elementor-top-column elementor-element elementor-element-7bb917f\" data-id=\"7bb917f\" data-element_type=\"column\">\n\t\t\t<div class=\"elementor-widget-wrap elementor-element-populated\">\n\t\t\t\t\t\t<div class=\"elementor-element elementor-element-e82621a elementor-widget elementor-widget-alloggio_core_image_with_text\" data-id=\"e82621a\" data-element_type=\"widget\" data-widget_type=\"alloggio_core_image_with_text.default\">\n\t\t\t\t<div class=\"elementor-widget-container\">\n\t\t\t\t\t<div class=\"qodef-shortcode qodef-m  qodef-image-with-text qodef-layout--text-below qodef--has-shadow \">\n\t<div class=\"qodef-m-image\">\n\t\t\t\t\t\t\t\t\t<img decoding=\"async\" width=\"2560\" height=\"1707\" src=\"https:\/\/hotel-falken.com\/wp-content\/uploads\/2023\/02\/\u00a9AlexFilz-3546-scaled.jpg\" class=\"qodef-e-main-image\" alt=\"\" srcset=\"https:\/\/hotel-falken.com\/wp-content\/uploads\/2023\/02\/\u00a9AlexFilz-3546-scaled.jpg 2560w, https:\/\/hotel-falken.com\/wp-content\/uploads\/2023\/02\/\u00a9AlexFilz-3546-300x200.jpg 300w, https:\/\/hotel-falken.com\/wp-content\/uploads\/2023\/02\/\u00a9AlexFilz-3546-1024x683.jpg 1024w, https:\/\/hotel-falken.com\/wp-content\/uploads\/2023\/02\/\u00a9AlexFilz-3546-768x512.jpg 768w, https:\/\/hotel-falken.com\/wp-content\/uploads\/2023\/02\/\u00a9AlexFilz-3546-1536x1024.jpg 1536w, https:\/\/hotel-falken.com\/wp-content\/uploads\/2023\/02\/\u00a9AlexFilz-3546-2048x1365.jpg 2048w, https:\/\/hotel-falken.com\/wp-content\/uploads\/2023\/02\/\u00a9AlexFilz-3546-1320x880.jpg 1320w\" sizes=\"(max-width: 2560px) 100vw, 2560px\" \/>\t\t\t\t\t\t\t\t\t<\/div>\t<div class=\"qodef-m-content\">\n\t\t\t<h4 class=\"qodef-m-title\" style=\"margin-top: 20px\">\n\t\t\t\t\tFalzes - Sentiero &quot;Pfaffensteig&quot; - Issengo\t\t\t<\/h4>\n\t\t\t<p class=\"qodef-m-text\" >Punto di partenza: scuola elementare di Falzes\nSi segue il segnavia \u201cPfaffensteig\u201d e si cammina per prati e campi lungo il vecchio muretto a secco fino alla strada poderale asfaltata, gi\u00f9 fino ad Issengo.* Di l\u00ec, seguendo il marciapiedi lungo la strada si fa ritorno a Falzes.\nTempo di percorrenza: ca. 1,5 ore \nVariante:\n*Passando per la chiesa di Issengo e davanti al magazzino dei pompieri, si prende a sinistra per il campo sportivo, il segnavia banco e rosso conduce per i pascoli fino al limitare del bosco, l\u00ec si prende a sinistra e per la strada poderale si fa ritorno al campo sportivo a Falzes.\nTempo complessivo di percorrenza : ca. 2,5 ore (adatta anche per gli anziani)<\/p>\n\t<\/div>\n<\/div>\t\t\t\t<\/div>\n\t\t\t\t<\/div>\n\t\t\t\t\t<\/div>\n\t\t<\/div>\n\t\t\t\t<div class=\"elementor-column elementor-col-33 elementor-top-column elementor-element elementor-element-686c4c7\" data-id=\"686c4c7\" data-element_type=\"column\">\n\t\t\t<div class=\"elementor-widget-wrap elementor-element-populated\">\n\t\t\t\t\t\t<div class=\"elementor-element elementor-element-6330fff elementor-widget elementor-widget-alloggio_core_image_with_text\" data-id=\"6330fff\" data-element_type=\"widget\" data-widget_type=\"alloggio_core_image_with_text.default\">\n\t\t\t\t<div class=\"elementor-widget-container\">\n\t\t\t\t\t<div class=\"qodef-shortcode qodef-m  qodef-image-with-text qodef-layout--text-below qodef--has-shadow \">\n\t<div class=\"qodef-m-image\">\n\t\t\t\t\t\t\t\t\t<img decoding=\"async\" width=\"2560\" height=\"1704\" src=\"https:\/\/hotel-falken.com\/wp-content\/uploads\/2023\/02\/smg04777alfi-scaled.jpg\" class=\"qodef-e-main-image\" alt=\"\" srcset=\"https:\/\/hotel-falken.com\/wp-content\/uploads\/2023\/02\/smg04777alfi-scaled.jpg 2560w, https:\/\/hotel-falken.com\/wp-content\/uploads\/2023\/02\/smg04777alfi-300x200.jpg 300w, https:\/\/hotel-falken.com\/wp-content\/uploads\/2023\/02\/smg04777alfi-1024x682.jpg 1024w, https:\/\/hotel-falken.com\/wp-content\/uploads\/2023\/02\/smg04777alfi-768x511.jpg 768w, https:\/\/hotel-falken.com\/wp-content\/uploads\/2023\/02\/smg04777alfi-1536x1022.jpg 1536w, https:\/\/hotel-falken.com\/wp-content\/uploads\/2023\/02\/smg04777alfi-2048x1363.jpg 2048w, https:\/\/hotel-falken.com\/wp-content\/uploads\/2023\/02\/smg04777alfi-1320x879.jpg 1320w\" sizes=\"(max-width: 2560px) 100vw, 2560px\" \/>\t\t\t\t\t\t\t\t\t<\/div>\t<div class=\"qodef-m-content\">\n\t\t\t<h4 class=\"qodef-m-title\" style=\"margin-top: 20px\">\n\t\t\t\t\tFalzes - Irenberg\t\t\t<\/h4>\n\t\t\t<p class=\"qodef-m-text\" style=\"margin-top: 13px\">Punto di partenza: zona sportiva di Falzes\nSi segue per un breve tratto in salita la strada per Montevago\/Irenberg, poi a destra seguendo il segnavia 8 A di traverso per il bosco fino al ristoro \u201cIrenberg\u201d. La via del ritorno conduce a nord fino al limitare del bosco e poi per la strada forestale (segnavia 6) gi\u00f9 fino al Laghetto di Issengo, l\u00ec si prende a destra lungo la staccionata (verso est) e seguendo le indicazioni per Falzes si fa ritorno alla zona sportiva\nTempo complessivo di percorrenza ca. 2,5 ore<\/p>\n\t<\/div>\n<\/div>\t\t\t\t<\/div>\n\t\t\t\t<\/div>\n\t\t\t\t\t<\/div>\n\t\t<\/div>\n\t\t\t\t\t<\/div>\n\t\t<\/section>\n\t\t\t\t<section class=\"elementor-section elementor-top-section elementor-element elementor-element-a0595bf elementor-section-full_width qodef-elementor-content-grid elementor-section-height-default elementor-section-height-default\" data-id=\"a0595bf\" data-element_type=\"section\">\n\t\t\t\t\t\t<div class=\"elementor-container elementor-column-gap-no\">\n\t\t\t\t\t<div class=\"elementor-column elementor-col-33 elementor-top-column elementor-element elementor-element-1328a0e\" data-id=\"1328a0e\" data-element_type=\"column\">\n\t\t\t<div class=\"elementor-widget-wrap elementor-element-populated\">\n\t\t\t\t\t\t<div class=\"elementor-element elementor-element-588a5c1 elementor-widget elementor-widget-alloggio_core_image_with_text\" data-id=\"588a5c1\" data-element_type=\"widget\" data-widget_type=\"alloggio_core_image_with_text.default\">\n\t\t\t\t<div class=\"elementor-widget-container\">\n\t\t\t\t\t<div class=\"qodef-shortcode qodef-m  qodef-image-with-text qodef-layout--text-below qodef--has-shadow \">\n\t<div class=\"qodef-m-image\">\n\t\t\t\t\t\t\t\t\t<img loading=\"lazy\" decoding=\"async\" width=\"2560\" height=\"1707\" src=\"https:\/\/hotel-falken.com\/wp-content\/uploads\/2023\/02\/idm07162hawi-scaled.jpg\" class=\"qodef-e-main-image\" alt=\"\" srcset=\"https:\/\/hotel-falken.com\/wp-content\/uploads\/2023\/02\/idm07162hawi-scaled.jpg 2560w, https:\/\/hotel-falken.com\/wp-content\/uploads\/2023\/02\/idm07162hawi-300x200.jpg 300w, https:\/\/hotel-falken.com\/wp-content\/uploads\/2023\/02\/idm07162hawi-1024x683.jpg 1024w, https:\/\/hotel-falken.com\/wp-content\/uploads\/2023\/02\/idm07162hawi-768x512.jpg 768w, https:\/\/hotel-falken.com\/wp-content\/uploads\/2023\/02\/idm07162hawi-1536x1024.jpg 1536w, https:\/\/hotel-falken.com\/wp-content\/uploads\/2023\/02\/idm07162hawi-2048x1365.jpg 2048w, https:\/\/hotel-falken.com\/wp-content\/uploads\/2023\/02\/idm07162hawi-1320x880.jpg 1320w\" sizes=\"(max-width: 2560px) 100vw, 2560px\" \/>\t\t\t\t\t\t\t\t\t<\/div>\t<div class=\"qodef-m-content\">\n\t\t\t<h4 class=\"qodef-m-title\" style=\"margin-top: 20px\">\n\t\t\t\t\tDa Falzes a Brunico\t\t\t<\/h4>\n\t\t\t<p class=\"qodef-m-text\" >Il punto di partenza \u00e8 il centro di Falzes passando per la zona artigianale\nPrima di giungere a Grimaldo, vediamo sulla destra la chiesetta di San Valentino, che si emerge libera nel campo, un gioiello tardogotico con splendidi affreschi. Attraverso il sentiero n\u00b0 17 A raggiungiamo la frazione di Grimaldo con una splendida vista sull&#039;alta Val Pusteria, le Dolomiti di Sesto e il Plan de Corones. Rimaniamo sul sentiero 17 A, superiamo la residenza Gissbach e raggiungiamo il paese di S.Giorno. Soprattutto, la nuova chiesa parrocchiale invita a visitare. Dietro la chiesa attraversiamo il fiume Aurina. Attraverso la strada poco trafficata (segnavia B) raggiungiamo il villaggio di S. Caterina. La strada (sentiero 2) ci porta al &quot;paese delle pittoresche residenze nobiliari&quot;, come Josef Rampold chiama Teodone nel suo libro Val Pusteria. Il sentiero n\u00b0 2 ci porta pi\u00f9 avanti nella citt\u00e0 di Brunico. Da l\u00ec, gli autobus tornano ogni ora a Falzes.\nTempo di percorrenza: circa 3 ore (senza visita)<\/p>\n\t<\/div>\n<\/div>\t\t\t\t<\/div>\n\t\t\t\t<\/div>\n\t\t\t\t\t<\/div>\n\t\t<\/div>\n\t\t\t\t<div class=\"elementor-column elementor-col-33 elementor-top-column elementor-element elementor-element-d2f210d\" data-id=\"d2f210d\" data-element_type=\"column\">\n\t\t\t<div class=\"elementor-widget-wrap elementor-element-populated\">\n\t\t\t\t\t\t<div class=\"elementor-element elementor-element-a924950 elementor-widget elementor-widget-alloggio_core_image_with_text\" data-id=\"a924950\" data-element_type=\"widget\" data-widget_type=\"alloggio_core_image_with_text.default\">\n\t\t\t\t<div class=\"elementor-widget-container\">\n\t\t\t\t\t<div class=\"qodef-shortcode qodef-m  qodef-image-with-text qodef-layout--text-below qodef--has-shadow \">\n\t<div class=\"qodef-m-image\">\n\t\t\t\t\t\t\t\t\t<img loading=\"lazy\" decoding=\"async\" width=\"2560\" height=\"1669\" src=\"https:\/\/hotel-falken.com\/wp-content\/uploads\/2023\/02\/smg00827lamo-scaled.jpg\" class=\"qodef-e-main-image\" alt=\"\" srcset=\"https:\/\/hotel-falken.com\/wp-content\/uploads\/2023\/02\/smg00827lamo-scaled.jpg 2560w, https:\/\/hotel-falken.com\/wp-content\/uploads\/2023\/02\/smg00827lamo-300x196.jpg 300w, https:\/\/hotel-falken.com\/wp-content\/uploads\/2023\/02\/smg00827lamo-1024x668.jpg 1024w, https:\/\/hotel-falken.com\/wp-content\/uploads\/2023\/02\/smg00827lamo-768x501.jpg 768w, https:\/\/hotel-falken.com\/wp-content\/uploads\/2023\/02\/smg00827lamo-1536x1001.jpg 1536w, https:\/\/hotel-falken.com\/wp-content\/uploads\/2023\/02\/smg00827lamo-2048x1335.jpg 2048w, https:\/\/hotel-falken.com\/wp-content\/uploads\/2023\/02\/smg00827lamo-1320x860.jpg 1320w\" sizes=\"(max-width: 2560px) 100vw, 2560px\" \/>\t\t\t\t\t\t\t\t\t<\/div>\t<div class=\"qodef-m-content\">\n\t\t\t<h4 class=\"qodef-m-title\" style=\"margin-top: 20px\">\n\t\t\t\t\tSentiero panoramico\t\t\t<\/h4>\n\t\t\t<p class=\"qodef-m-text\" >Punto di partenza: scuola elementare di Falzes\nDall\u2019 edificio scolastico si segue il cartello con il punto rosso fino al maso \u201cTiefentaler\u201d, si passa a destra del maso e si sale non bosco fino al tornante della strada, a destra seguendo il cartello con il punto rosso, dapprima un po\u2019 ripidamente e poi quasi pianeggiante attraverso il bosco si arriva alla cappelletta \u201cBachst\u00f6ckl\u201d, si prosegue fino ai masi \u201cLechner \u201c (sempre seguendo l\u2019indicazione con il punto rosso), si scende per al strada di accesso ai masi fino alla strada per \u201cKofler\u201d, si scende poi a destra dopo aver lasciato il bosco seguendo il segnavia con il punto rosso, a sinistra per i prati lungo il sentiero 18 fino alla strada per fino al punto di partenza.\nTempo complessivo di percorrenza: ca. 3 ore<\/p>\n\t<\/div>\n<\/div>\t\t\t\t<\/div>\n\t\t\t\t<\/div>\n\t\t\t\t\t<\/div>\n\t\t<\/div>\n\t\t\t\t<div class=\"elementor-column elementor-col-33 elementor-top-column elementor-element elementor-element-45101e6\" data-id=\"45101e6\" data-element_type=\"column\">\n\t\t\t<div class=\"elementor-widget-wrap elementor-element-populated\">\n\t\t\t\t\t\t<div class=\"elementor-element elementor-element-15e6cee elementor-widget elementor-widget-alloggio_core_image_with_text\" data-id=\"15e6cee\" data-element_type=\"widget\" data-widget_type=\"alloggio_core_image_with_text.default\">\n\t\t\t\t<div class=\"elementor-widget-container\">\n\t\t\t\t\t<div class=\"qodef-shortcode qodef-m  qodef-image-with-text qodef-layout--text-below qodef--has-shadow \">\n\t<div class=\"qodef-m-image\">\n\t\t\t\t\t\t\t\t\t<img loading=\"lazy\" decoding=\"async\" width=\"2560\" height=\"1707\" src=\"https:\/\/hotel-falken.com\/wp-content\/uploads\/2023\/02\/idm05671hebe-scaled.jpg\" class=\"qodef-e-main-image\" alt=\"\" srcset=\"https:\/\/hotel-falken.com\/wp-content\/uploads\/2023\/02\/idm05671hebe-scaled.jpg 2560w, https:\/\/hotel-falken.com\/wp-content\/uploads\/2023\/02\/idm05671hebe-300x200.jpg 300w, https:\/\/hotel-falken.com\/wp-content\/uploads\/2023\/02\/idm05671hebe-1024x683.jpg 1024w, https:\/\/hotel-falken.com\/wp-content\/uploads\/2023\/02\/idm05671hebe-768x512.jpg 768w, https:\/\/hotel-falken.com\/wp-content\/uploads\/2023\/02\/idm05671hebe-1536x1024.jpg 1536w, https:\/\/hotel-falken.com\/wp-content\/uploads\/2023\/02\/idm05671hebe-2048x1365.jpg 2048w, https:\/\/hotel-falken.com\/wp-content\/uploads\/2023\/02\/idm05671hebe-1320x880.jpg 1320w\" sizes=\"(max-width: 2560px) 100vw, 2560px\" \/>\t\t\t\t\t\t\t\t\t<\/div>\t<div class=\"qodef-m-content\">\n\t\t\t<h4 class=\"qodef-m-title\" style=\"margin-top: 20px\">\n\t\t\t\t\tSentiero &quot;HonigbergWeg&quot;\t\t\t<\/h4>\n\t\t\t<p class=\"qodef-m-text\" style=\"margin-top: 13px\">Il sentiero tematico verso la cosiddetta Collina del miele (Honigberg) parte dal centro paese di Falzes e si snoda attraverso magnifici boschi e prati, lungo un percorso scandito da stazioni informative. Il sentiero punta dapprima in direzione di Issengo, supera la cappella della fontana sul pendio della Collina del miele, per raggiungere poi la cappella di S. Margherita (Bachst\u00f6ckl) e tornare infine al punto di partenza lungo via della Chiesa.\nTempo di percorrenza totale 3- 4 ore, 8,4 km<\/p>\n\t<\/div>\n<\/div>\t\t\t\t<\/div>\n\t\t\t\t<\/div>\n\t\t\t\t\t<\/div>\n\t\t<\/div>\n\t\t\t\t\t<\/div>\n\t\t<\/section>\n\t\t\t\t<section class=\"elementor-section elementor-top-section elementor-element elementor-element-1531f6e9 elementor-section-full_width elementor-section-height-default elementor-section-height-default qodef-elementor-content-no\" data-id=\"1531f6e9\" data-element_type=\"section\">\n\t\t\t\t\t\t<div class=\"elementor-container elementor-column-gap-no\">\n\t\t\t\t\t<div class=\"elementor-column elementor-col-100 elementor-top-column elementor-element elementor-element-468489ab\" data-id=\"468489ab\" data-element_type=\"column\" data-settings=\"{&quot;background_background&quot;:&quot;classic&quot;}\">\n\t\t\t<div class=\"elementor-widget-wrap elementor-element-populated\">\n\t\t\t\t\t\t<div class=\"elementor-element elementor-element-78dd60ed elementor-widget elementor-widget-wp-widget-alloggio_core_contact_form_7\" data-id=\"78dd60ed\" data-element_type=\"widget\" data-widget_type=\"wp-widget-alloggio_core_contact_form_7.default\">\n\t\t\t\t<div class=\"elementor-widget-container\">\n\t\t\t\t\t\t\t\t<div class=\"qodef-contact-form-7\">\n\t\t\t\t\n<div class=\"wpcf7 no-js\" id=\"wpcf7-f6716-o1\" lang=\"en-US\" dir=\"ltr\" data-wpcf7-id=\"6716\">\n<div class=\"screen-reader-response\"><p role=\"status\" aria-live=\"polite\" aria-atomic=\"true\"><\/p> <ul><\/ul><\/div>\n<form action=\"\/it\/wp-json\/wp\/v2\/pages\/7764#wpcf7-f6716-o1\" method=\"post\" class=\"wpcf7-form init\" aria-label=\"Contact form\" novalidate=\"novalidate\" data-status=\"init\">\n<fieldset class=\"hidden-fields-container\"><input type=\"hidden\" name=\"_wpcf7\" value=\"6716\" \/><input type=\"hidden\" name=\"_wpcf7_version\" value=\"6.1.4\" \/><input type=\"hidden\" name=\"_wpcf7_locale\" value=\"en_US\" \/><input type=\"hidden\" name=\"_wpcf7_unit_tag\" value=\"wpcf7-f6716-o1\" \/><input type=\"hidden\" name=\"_wpcf7_container_post\" value=\"0\" \/><input type=\"hidden\" name=\"_wpcf7_posted_data_hash\" value=\"\" \/><input type=\"hidden\" name=\"_wpcf7_recaptcha_response\" value=\"\" \/>\n<\/fieldset>\n<div class=\"qodef-newsletter-form-style\">\n<h2 class=\"qodef-e-title\"><span class=\"icon-basic-mail-open-text qodef-e-icon\"><\/span>Iscrizione alla newsletter<\/h2><span class=\"wpcf7-form-control-wrap\" data-name=\"your-email\"><input size=\"40\" maxlength=\"400\" class=\"wpcf7-form-control wpcf7-email wpcf7-validates-as-required wpcf7-text wpcf7-validates-as-email\" aria-required=\"true\" aria-invalid=\"false\" placeholder=\"Indirizzo Email\" value=\"\" type=\"email\" name=\"your-email\" \/><\/span><button class=\"wpcf7-form-control wpcf7-submit qodef-button qodef-size--normal qodef-type--outlined qodef-m\" type=\"submit\"><span class=\"qodef-m-text\">Inviare<\/span><\/button>\n<\/div><div class=\"wpcf7-response-output\" aria-hidden=\"true\"><\/div>\n<\/form>\n<\/div>\n\t\t\t<\/div>\n\t\t\t\t\t\t\t<\/div>\n\t\t\t\t<\/div>\n\t\t\t\t\t<\/div>\n\t\t<\/div>\n\t\t\t\t\t<\/div>\n\t\t<\/section>\n\t\t\t\t<\/div>\n\t\t","protected":false},"excerpt":{"rendered":"<p>In giro senza macchina Caminare, amirare e godereIn mezzo alla natura, caminando e amirando, respirate l&#8217;aria pulita delle montange della Val Pusteria Falzes &#8211; Chiesa di S. Valentino &#8211; Issengo Punto di partenza: Falzes (1022m) centro. Lungo la strada per Grimaldo in direzione della zona artigianale, bivio n. 7 per la chiesa di S. Valentino, [&hellip;]<\/p>\n","protected":false},"author":1,"featured_media":7735,"parent":0,"menu_order":0,"comment_status":"closed","ping_status":"closed","template":"page-full-width.php","meta":{"_acf_changed":false,"footnotes":""},"class_list":["post-7764","page","type-page","status-publish","has-post-thumbnail","hentry"],"acf":[],"_links":{"self":[{"href":"https:\/\/hotel-falken.com\/it\/wp-json\/wp\/v2\/pages\/7764","targetHints":{"allow":["GET"]}}],"collection":[{"href":"https:\/\/hotel-falken.com\/it\/wp-json\/wp\/v2\/pages"}],"about":[{"href":"https:\/\/hotel-falken.com\/it\/wp-json\/wp\/v2\/types\/page"}],"author":[{"embeddable":true,"href":"https:\/\/hotel-falken.com\/it\/wp-json\/wp\/v2\/users\/1"}],"replies":[{"embeddable":true,"href":"https:\/\/hotel-falken.com\/it\/wp-json\/wp\/v2\/comments?post=7764"}],"version-history":[{"count":4,"href":"https:\/\/hotel-falken.com\/it\/wp-json\/wp\/v2\/pages\/7764\/revisions"}],"predecessor-version":[{"id":8759,"href":"https:\/\/hotel-falken.com\/it\/wp-json\/wp\/v2\/pages\/7764\/revisions\/8759"}],"wp:featuredmedia":[{"embeddable":true,"href":"https:\/\/hotel-falken.com\/it\/wp-json\/wp\/v2\/media\/7735"}],"wp:attachment":[{"href":"https:\/\/hotel-falken.com\/it\/wp-json\/wp\/v2\/media?parent=7764"}],"curies":[{"name":"wp","href":"https:\/\/api.w.org\/{rel}","templated":true}]}}