{"id":7484,"date":"2023-02-13T08:48:03","date_gmt":"2023-02-13T07:48:03","guid":{"rendered":"https:\/\/hotel-falken.com\/?page_id=7484"},"modified":"2025-05-18T10:28:55","modified_gmt":"2025-05-18T08:28:55","slug":"prezzi-e-servizi-inclusi","status":"publish","type":"page","link":"https:\/\/hotel-falken.com\/it\/prezzi-e-servizi-inclusi\/","title":{"rendered":"Prezzi e servizi inclusi"},"content":{"rendered":"\t\t<div data-elementor-type=\"wp-page\" data-elementor-id=\"7484\" class=\"elementor elementor-7484 elementor-2668\" data-elementor-post-type=\"page\">\n\t\t\t\t\t\t<section class=\"elementor-section elementor-top-section elementor-element elementor-element-3ffcb35 elementor-section-full_width qodef-elementor-content-grid elementor-section-height-default elementor-section-height-default\" data-id=\"3ffcb35\" data-element_type=\"section\">\n\t\t\t\t\t\t<div class=\"elementor-container elementor-column-gap-no\">\n\t\t\t\t\t<div class=\"elementor-column elementor-col-100 elementor-top-column elementor-element elementor-element-935c5ec\" data-id=\"935c5ec\" data-element_type=\"column\">\n\t\t\t<div class=\"elementor-widget-wrap elementor-element-populated\">\n\t\t\t\t\t\t<div class=\"elementor-element elementor-element-4c7511c elementor-widget elementor-widget-alloggio_core_section_title\" data-id=\"4c7511c\" data-element_type=\"widget\" data-widget_type=\"alloggio_core_section_title.default\">\n\t\t\t\t<div class=\"elementor-widget-container\">\n\t\t\t\t\t<div class=\"qodef-shortcode qodef-m  qodef-section-title qodef-alignment--center\">\n\t\t<h2 class=\"qodef-m-title\" >\n\t\t\t\t\tPrezzi\t\t\t<\/h2>\n\t\t<span class=\"qodef-m-text\" >I nostri prezzi dipendono dall&#039;occupazione. Ecco perch\u00e9 Vi garantiamo quanto segue: dal momento della prenotazione, nessuno pu\u00f2 prenotare la stessa categoria di camera a un prezzo inferiore a Voi. Quindi, se prenotate prima, avrete prezzo pi\u00f9 conveniente.<\/span>\n<\/div>\t\t\t\t<\/div>\n\t\t\t\t<\/div>\n\t\t\t\t\t<\/div>\n\t\t<\/div>\n\t\t\t\t\t<\/div>\n\t\t<\/section>\n\t\t\t\t<section class=\"elementor-section elementor-top-section elementor-element elementor-element-48ebb83 elementor-section-full_width qodef-elementor-content-grid elementor-section-height-default elementor-section-height-default\" data-id=\"48ebb83\" data-element_type=\"section\">\n\t\t\t\t\t\t<div class=\"elementor-container elementor-column-gap-no\">\n\t\t\t\t\t<div class=\"elementor-column elementor-col-33 elementor-top-column elementor-element elementor-element-9a35209\" data-id=\"9a35209\" data-element_type=\"column\">\n\t\t\t<div class=\"elementor-widget-wrap elementor-element-populated\">\n\t\t\t\t\t\t<div class=\"elementor-element elementor-element-f9965ad elementor-widget elementor-widget-alloggio_core_pricing_table\" data-id=\"f9965ad\" data-element_type=\"widget\" data-widget_type=\"alloggio_core_pricing_table.default\">\n\t\t\t\t<div class=\"elementor-widget-container\">\n\t\t\t\t\t<div class=\"qodef-shortcode qodef-m  qodef-pricing-table qodef-layout--standard qodef-status--regular\" >\n\t<div class=\"qodef-m-inner\">\n\t\t\t<div class=\"qodef-m-title\">\n\t\t<p >Informazioni<\/p>\n\t<\/div>\n\t\t\t\t\t<div class=\"qodef-m-content\"><ul><li style=\"text-align: left;\">I prezzi si intendono per persona e giorno\/settimana con trattamento di mezza pensione<\/li><li style=\"text-align: left;\">Con prenotazioni \u201ccamera con colazione\u201d si pu\u00f2 decidere anche ogni giorno se usufruire della mezza pensione.<\/li><li style=\"text-align: left;\">Preghiamo i nostri ospiti di saldare il conto in contanti oppure con assegno bancario.<\/li><li style=\"text-align: left;\">Accettiamo anche carte di credito (Visa, Master, Bancoposta, Bancomat).<\/li><li style=\"text-align: left;\">Preghiamo di avvisarci se l\u2019arrivo \u00e8 previsto dopo le ore 19.<\/li><\/ul><\/div>\n\t\t\t<div class=\"qodef-m-button clear\">\n\t\t<a class=\"qodef-shortcode qodef-m  qodef-button qodef-layout--outlined  qodef-html--link\" href=\"https:\/\/hotel-falken.com\/it\/prenotare\/\" target=\"_self\"  style=\"margin: 53px 0 0 0\">\t<span class=\"qodef-m-text\">Prenotare<\/span>\t<span class=\"qodef-m-background-holder\" ><\/span><\/a>\t<\/div>\n\t<\/div>\n<\/div>\t\t\t\t<\/div>\n\t\t\t\t<\/div>\n\t\t\t\t\t<\/div>\n\t\t<\/div>\n\t\t\t\t<div class=\"elementor-column elementor-col-33 elementor-top-column elementor-element elementor-element-431bb12\" data-id=\"431bb12\" data-element_type=\"column\">\n\t\t\t<div class=\"elementor-widget-wrap elementor-element-populated\">\n\t\t\t\t\t\t<div class=\"elementor-element elementor-element-b9620ed elementor-widget elementor-widget-alloggio_core_pricing_table\" data-id=\"b9620ed\" data-element_type=\"widget\" data-widget_type=\"alloggio_core_pricing_table.default\">\n\t\t\t\t<div class=\"elementor-widget-container\">\n\t\t\t\t\t<div class=\"qodef-shortcode qodef-m  qodef-pricing-table qodef-layout--standard qodef-status--featured\" >\n\t<div class=\"qodef-m-inner\">\n\t\t\t<div class=\"qodef-m-title\">\n\t\t<p >Servizi inclusi<\/p>\n\t<\/div>\n\t\t\t\t\t<div class=\"qodef-m-content\"><ul><li style=\"text-align: left;\">Soggiorno confortevole nelle camere e suite per non fumatori arredate di recente<\/li><li style=\"text-align: left;\">Ricca colazione a buffet con angolo muesli, succhi freschi e pane localeLa sera menu di 4 portate a scelta con buffet di insalate e verdure<\/li><li style=\"text-align: left;\">Cena di gala con aperitivo di benvenuto sulla terrazza del giardino o nel nuovo bar dell'hotel<\/li><li style=\"text-align: left;\">Serata tirolese con prelibatezze altoatesine, preparate con cura<\/li><li style=\"text-align: left;\">Relax nell'area sauna con sauna finlandese e bagno turco<\/li><li style=\"text-align: left;\">servizio skibus gratuito in inverno per gli impianti di risalita del Plan de Corones.<br \/>Fermata bus a 50 m dalla casa, tempo di percorrenza circa 15 min.<\/li><li style=\"text-align: left;\">Ottime condizioni per il noleggio sci allo \u201cSkiexpress\u201d a Falzes<\/li><li style=\"text-align: left;\">Programma settimanale vario in estate e in inverno dal Konplatz Outdoor Center<\/li><li style=\"text-align: left;\">Noleggio mountain bike e bici eletriche<\/li><li style=\"text-align: left;\">Parcheggio privato<\/li><li style=\"text-align: left;\">WiFi gratuito in tutta la casa<\/li><li style=\"text-align: left;\"><strong>\"Kronplatz GUEST PASS\" gratuito! Valido per tutti i mezzi pubblici dell'Alto Adige gratuitamente<\/strong><\/li><li style=\"text-align: left;\">Vendita skipass direttamente in hotel<\/li><\/ul><\/div>\n\t\t\t<div class=\"qodef-m-button clear\">\n\t\t<a class=\"qodef-shortcode qodef-m  qodef-button qodef-layout--filled  qodef-html--link\" href=\"https:\/\/hotel-falken.com\/it\/stanze\/\" target=\"_self\"  style=\"margin: 53px 0 0 0\">\t<span class=\"qodef-m-text\">Le stanze<\/span>\t<span class=\"qodef-m-background-holder\" ><\/span><\/a>\t<\/div>\n\t<\/div>\n<\/div>\t\t\t\t<\/div>\n\t\t\t\t<\/div>\n\t\t\t\t\t<\/div>\n\t\t<\/div>\n\t\t\t\t<div class=\"elementor-column elementor-col-33 elementor-top-column elementor-element elementor-element-b6f6bcd\" data-id=\"b6f6bcd\" data-element_type=\"column\">\n\t\t\t<div class=\"elementor-widget-wrap elementor-element-populated\">\n\t\t\t\t\t\t<div class=\"elementor-element elementor-element-948cb7c elementor-widget elementor-widget-alloggio_core_pricing_table\" data-id=\"948cb7c\" data-element_type=\"widget\" data-widget_type=\"alloggio_core_pricing_table.default\">\n\t\t\t\t<div class=\"elementor-widget-container\">\n\t\t\t\t\t<div class=\"qodef-shortcode qodef-m  qodef-pricing-table qodef-layout--standard qodef-status--regular\" >\n\t<div class=\"qodef-m-inner\">\n\t\t\t<div class=\"qodef-m-title\">\n\t\t<p >Riduzioni &amp; extra<\/p>\n\t<\/div>\n\t\t\t\t\t<div class=\"qodef-m-content\"><ul><li style=\"text-align: left;\">Per camere con colazione detrazione di \u20ac 12 a persona\/giorno dal prezzo di mezza pensione<\/li><li style=\"text-align: left;\">Con prenotazioni \u201ccamera con colazione\u201d si pu\u00f2 decidere anche ogni giorno se<br \/>usufruire della mezza pensione.<\/li><li style=\"text-align: left;\">Camera doppia uso singola su richiesta<\/li><li style=\"text-align: left;\">Per bambini fino a 2,99 anni calcoliamo \u20ac 35,00<br \/>al giorno. Da 3 a 9,99 anni riduzione del 50%,<br \/>da 10 a 14,99 anni 30%.<\/li><li style=\"text-align: left;\">Per i bambini piccoli sono disponibili una culla e un seggiolone<\/li><li style=\"text-align: left;\">Noleggio accappatoi per l'intero soggiorno \u20ac 5,00<\/li><li style=\"text-align: left;\">Accesso a Internet tramite fibra ottica o W-Lan nelle camere, gratuito<\/li><li style=\"text-align: left;\">Cani si accettano solo su richiesta (a pagamento). I cani non sono ammessi nelle sale da pranzo e nell'area benessere.\u00a0<\/li><li style=\"text-align: left;\">Addebitiamo \u20ac 5,00 al giorno per un parcheggio sotterraneo nel nostro garage con un posteggio fisso<\/li><\/ul><\/div>\n\t\t\t<div class=\"qodef-m-button clear\">\n\t\t<a class=\"qodef-shortcode qodef-m  qodef-button qodef-layout--outlined  qodef-html--link\" href=\"https:\/\/hotel-falken.com\/it\/richiesta\/\" target=\"_self\"  style=\"margin: 53px 0 0 0\">\t<span class=\"qodef-m-text\">Richiesta<\/span>\t<span class=\"qodef-m-background-holder\" ><\/span><\/a>\t<\/div>\n\t<\/div>\n<\/div>\t\t\t\t<\/div>\n\t\t\t\t<\/div>\n\t\t\t\t\t<\/div>\n\t\t<\/div>\n\t\t\t\t\t<\/div>\n\t\t<\/section>\n\t\t\t\t<section class=\"elementor-section elementor-top-section elementor-element elementor-element-589bf6c elementor-section-full_width elementor-section-height-default elementor-section-height-default qodef-elementor-content-no\" data-id=\"589bf6c\" data-element_type=\"section\">\n\t\t\t\t\t\t<div class=\"elementor-container elementor-column-gap-no\">\n\t\t\t\t\t<div class=\"elementor-column elementor-col-100 elementor-top-column elementor-element elementor-element-f98e1f0\" data-id=\"f98e1f0\" data-element_type=\"column\">\n\t\t\t<div class=\"elementor-widget-wrap\">\n\t\t\t\t\t\t\t<\/div>\n\t\t<\/div>\n\t\t\t\t\t<\/div>\n\t\t<\/section>\n\t\t\t\t<\/div>\n\t\t","protected":false},"excerpt":{"rendered":"<p>Prezzi I nostri prezzi dipendono dall&#8217;occupazione. Ecco perch\u00e9 Vi garantiamo quanto segue: dal momento della prenotazione, nessuno pu\u00f2 prenotare la stessa categoria di camera a un prezzo inferiore a Voi. Quindi, se prenotate prima, avrete prezzo pi\u00f9 conveniente. Informazioni I prezzi si intendono per persona e giorno\/settimana con trattamento di mezza pensione Con prenotazioni \u201ccamera [&hellip;]<\/p>\n","protected":false},"author":4,"featured_media":6467,"parent":0,"menu_order":0,"comment_status":"closed","ping_status":"closed","template":"page-full-width.php","meta":{"_acf_changed":false,"footnotes":""},"class_list":["post-7484","page","type-page","status-publish","has-post-thumbnail","hentry"],"acf":[],"_links":{"self":[{"href":"https:\/\/hotel-falken.com\/it\/wp-json\/wp\/v2\/pages\/7484","targetHints":{"allow":["GET"]}}],"collection":[{"href":"https:\/\/hotel-falken.com\/it\/wp-json\/wp\/v2\/pages"}],"about":[{"href":"https:\/\/hotel-falken.com\/it\/wp-json\/wp\/v2\/types\/page"}],"author":[{"embeddable":true,"href":"https:\/\/hotel-falken.com\/it\/wp-json\/wp\/v2\/users\/4"}],"replies":[{"embeddable":true,"href":"https:\/\/hotel-falken.com\/it\/wp-json\/wp\/v2\/comments?post=7484"}],"version-history":[{"count":10,"href":"https:\/\/hotel-falken.com\/it\/wp-json\/wp\/v2\/pages\/7484\/revisions"}],"predecessor-version":[{"id":10830,"href":"https:\/\/hotel-falken.com\/it\/wp-json\/wp\/v2\/pages\/7484\/revisions\/10830"}],"wp:featuredmedia":[{"embeddable":true,"href":"https:\/\/hotel-falken.com\/it\/wp-json\/wp\/v2\/media\/6467"}],"wp:attachment":[{"href":"https:\/\/hotel-falken.com\/it\/wp-json\/wp\/v2\/media?parent=7484"}],"curies":[{"name":"wp","href":"https:\/\/api.w.org\/{rel}","templated":true}]}}