{"id":6691,"date":"2022-10-26T15:02:57","date_gmt":"2022-10-26T13:02:57","guid":{"rendered":"https:\/\/neu.hotel-falken.com\/zimmer\/"},"modified":"2022-12-15T21:28:53","modified_gmt":"2022-12-15T20:28:53","slug":"stanze","status":"publish","type":"page","link":"https:\/\/hotel-falken.com\/it\/stanze\/","title":{"rendered":"Stanze"},"content":{"rendered":"\t\t<div data-elementor-type=\"wp-page\" data-elementor-id=\"6691\" class=\"elementor elementor-6691 elementor-5371\" data-elementor-post-type=\"page\">\n\t\t\t\t\t\t<section class=\"elementor-section elementor-top-section elementor-element elementor-element-6ba73fc elementor-section-boxed elementor-section-height-default elementor-section-height-default qodef-elementor-content-no\" data-id=\"6ba73fc\" data-element_type=\"section\">\n\t\t\t\t\t\t<div class=\"elementor-container elementor-column-gap-default\">\n\t\t\t\t\t<div class=\"elementor-column elementor-col-100 elementor-top-column elementor-element elementor-element-a2864cf\" data-id=\"a2864cf\" data-element_type=\"column\">\n\t\t\t<div class=\"elementor-widget-wrap elementor-element-populated\">\n\t\t\t\t\t\t<div class=\"elementor-element elementor-element-5268524 elementor-widget elementor-widget-alloggio_core_room_list\" data-id=\"5268524\" data-element_type=\"widget\" data-widget_type=\"alloggio_core_room_list.default\">\n\t\t\t\t<div class=\"elementor-widget-container\">\n\t\t\t\t\t<div class=\"qodef-shortcode qodef-m  qodef-room-list qodef-layout--simple   qodef-grid qodef-layout--masonry  qodef-gutter--small qodef-col-num--3 qodef-item-layout--simple qodef--no-bottom-space qodef-pagination--off qodef-responsive--predefined\" data-options=\"{&quot;plugin&quot;:&quot;alloggio_core&quot;,&quot;module&quot;:&quot;post-types\\\/room\\\/shortcodes&quot;,&quot;shortcode&quot;:&quot;room-list&quot;,&quot;post_type&quot;:&quot;room&quot;,&quot;next_page&quot;:&quot;2&quot;,&quot;max_pages_num&quot;:1,&quot;orderby&quot;:&quot;date&quot;,&quot;order&quot;:&quot;ASC&quot;,&quot;behavior&quot;:&quot;masonry&quot;,&quot;images_proportion&quot;:&quot;full&quot;,&quot;columns&quot;:&quot;3&quot;,&quot;columns_responsive&quot;:&quot;predefined&quot;,&quot;columns_1440&quot;:&quot;3&quot;,&quot;columns_1366&quot;:&quot;3&quot;,&quot;columns_1024&quot;:&quot;3&quot;,&quot;columns_768&quot;:&quot;3&quot;,&quot;columns_680&quot;:&quot;3&quot;,&quot;columns_480&quot;:&quot;3&quot;,&quot;space&quot;:&quot;small&quot;,&quot;layout&quot;:&quot;simple&quot;,&quot;title_tag&quot;:&quot;h4&quot;,&quot;excerpt_length&quot;:&quot;30&quot;,&quot;pagination_type&quot;:&quot;no-pagination&quot;,&quot;object_class_name&quot;:&quot;AlloggioCoreRoomListShortcode&quot;,&quot;additional_query_args&quot;:[],&quot;unique&quot;:&quot;1&quot;,&quot;item_classes&quot;:&quot;qodef-e qodef-room-list-item qodef-grid-item&quot;,&quot;space_value&quot;:10}\">\n\t<div class=\"qodef-grid-inner clear\">\n\t\t\t<div class=\"qodef-grid-masonry-sizer\"><\/div>\n\t<div class=\"qodef-grid-masonry-gutter\"><\/div>\n<article class=\"qodef-e qodef-room-list-item qodef-grid-item\" >\n\t<div class=\"qodef-e-inner\">\n\t\t<div class=\"qodef-e-media\">\n\t\t\t\t<div class=\"qodef-e-media-image\" data-swiper-parallax=\"27%\">\n\t\t<a itemprop=\"url\" href=\"https:\/\/hotel-falken.com\/it\/room\/stanza-standard\/\">\n\t\t\t<img fetchpriority=\"high\" decoding=\"async\" width=\"2560\" height=\"1707\" src=\"https:\/\/hotel-falken.com\/wp-content\/uploads\/2020\/03\/006-hotelfalken-200611\u00a9silbersalz-scaled.jpg\" class=\"attachment-full size-full\" alt=\"\" srcset=\"https:\/\/hotel-falken.com\/wp-content\/uploads\/2020\/03\/006-hotelfalken-200611\u00a9silbersalz-scaled.jpg 2560w, https:\/\/hotel-falken.com\/wp-content\/uploads\/2020\/03\/006-hotelfalken-200611\u00a9silbersalz-300x200.jpg 300w, https:\/\/hotel-falken.com\/wp-content\/uploads\/2020\/03\/006-hotelfalken-200611\u00a9silbersalz-1024x683.jpg 1024w, https:\/\/hotel-falken.com\/wp-content\/uploads\/2020\/03\/006-hotelfalken-200611\u00a9silbersalz-768x512.jpg 768w, https:\/\/hotel-falken.com\/wp-content\/uploads\/2020\/03\/006-hotelfalken-200611\u00a9silbersalz-1536x1024.jpg 1536w, https:\/\/hotel-falken.com\/wp-content\/uploads\/2020\/03\/006-hotelfalken-200611\u00a9silbersalz-2048x1365.jpg 2048w, https:\/\/hotel-falken.com\/wp-content\/uploads\/2020\/03\/006-hotelfalken-200611\u00a9silbersalz-1320x880.jpg 1320w\" sizes=\"(max-width: 2560px) 100vw, 2560px\" \/>\t\t<\/a>\n\t<\/div>\n\t\t\t\t<span class=\"qodef-e-price\">\n\t\t<span class=\"qodef-e-price-label\">da<\/span>\n\t\t<span class=\"qodef-e-price-value\">$82<\/span>\n\t<\/span>\n\t\t<\/div>\n\t\t<div class=\"qodef-e-content\">\n\t\t\t<h4 itemprop=\"name\" class=\"qodef-e-title entry-title\" >\n\t<a itemprop=\"url\" href=\"https:\/\/hotel-falken.com\/it\/room\/stanza-standard\/\">\n\t\tStanza standard\t<\/a>\n<\/h4>\t\t\t<div class=\"qodef-e-info-items\">\n\t\t\t\t\t<span class=\"qodef-e-room-size\">22-28 m\u00b2<\/span>\n\t\t\t\t\t<span class=\"qodef-e-capacity\">1-2 persone<\/span>\n\t\t\t<\/div>\n\t\t\t\t\t<p itemprop=\"description\" class=\"qodef-e-excerpt\">Balcone vista Nord<\/p>\n\t\t\t<\/div>\n\t<\/div>\n<\/article><article class=\"qodef-e qodef-room-list-item qodef-grid-item\" >\n\t<div class=\"qodef-e-inner\">\n\t\t<div class=\"qodef-e-media\">\n\t\t\t\t<div class=\"qodef-e-media-image\" data-swiper-parallax=\"27%\">\n\t\t<a itemprop=\"url\" href=\"https:\/\/hotel-falken.com\/it\/room\/stanza-panorama\/\">\n\t\t\t<img decoding=\"async\" width=\"2000\" height=\"1333\" src=\"https:\/\/hotel-falken.com\/wp-content\/uploads\/2022\/10\/panoramazimmer.jpg\" class=\"attachment-full size-full\" alt=\"\" srcset=\"https:\/\/hotel-falken.com\/wp-content\/uploads\/2022\/10\/panoramazimmer.jpg 2000w, https:\/\/hotel-falken.com\/wp-content\/uploads\/2022\/10\/panoramazimmer-300x200.jpg 300w, https:\/\/hotel-falken.com\/wp-content\/uploads\/2022\/10\/panoramazimmer-1024x682.jpg 1024w, https:\/\/hotel-falken.com\/wp-content\/uploads\/2022\/10\/panoramazimmer-768x512.jpg 768w, https:\/\/hotel-falken.com\/wp-content\/uploads\/2022\/10\/panoramazimmer-1536x1024.jpg 1536w\" sizes=\"(max-width: 2000px) 100vw, 2000px\" \/>\t\t<\/a>\n\t<\/div>\n\t\t\t\t<span class=\"qodef-e-price\">\n\t\t<span class=\"qodef-e-price-label\">da<\/span>\n\t\t<span class=\"qodef-e-price-value\">$85<\/span>\n\t<\/span>\n\t\t<\/div>\n\t\t<div class=\"qodef-e-content\">\n\t\t\t<h4 itemprop=\"name\" class=\"qodef-e-title entry-title\" >\n\t<a itemprop=\"url\" href=\"https:\/\/hotel-falken.com\/it\/room\/stanza-panorama\/\">\n\t\tStanza Panorama\t<\/a>\n<\/h4>\t\t\t<div class=\"qodef-e-info-items\">\n\t\t\t\t\t<span class=\"qodef-e-room-size\">22-26 m\u00b2<\/span>\n\t\t\t\t\t<span class=\"qodef-e-capacity\">1-2 persone<\/span>\n\t\t\t<\/div>\n\t\t\t\t\t<p itemprop=\"description\" class=\"qodef-e-excerpt\">Balcone verso sud o ovest<\/p>\n\t\t\t<\/div>\n\t<\/div>\n<\/article><article class=\"qodef-e qodef-room-list-item qodef-grid-item\" >\n\t<div class=\"qodef-e-inner\">\n\t\t<div class=\"qodef-e-media\">\n\t\t\t\t<div class=\"qodef-e-media-image\" data-swiper-parallax=\"27%\">\n\t\t<a itemprop=\"url\" href=\"https:\/\/hotel-falken.com\/it\/room\/stanza-panorama-superior\/\">\n\t\t\t<img decoding=\"async\" width=\"2000\" height=\"1333\" src=\"https:\/\/hotel-falken.com\/wp-content\/uploads\/2022\/10\/panoramazimmer-superior.jpg\" class=\"attachment-full size-full\" alt=\"\" srcset=\"https:\/\/hotel-falken.com\/wp-content\/uploads\/2022\/10\/panoramazimmer-superior.jpg 2000w, https:\/\/hotel-falken.com\/wp-content\/uploads\/2022\/10\/panoramazimmer-superior-300x200.jpg 300w, https:\/\/hotel-falken.com\/wp-content\/uploads\/2022\/10\/panoramazimmer-superior-1024x682.jpg 1024w, https:\/\/hotel-falken.com\/wp-content\/uploads\/2022\/10\/panoramazimmer-superior-768x512.jpg 768w, https:\/\/hotel-falken.com\/wp-content\/uploads\/2022\/10\/panoramazimmer-superior-1536x1024.jpg 1536w\" sizes=\"(max-width: 2000px) 100vw, 2000px\" \/>\t\t<\/a>\n\t<\/div>\n\t\t\t\t<span class=\"qodef-e-price\">\n\t\t<span class=\"qodef-e-price-label\">da<\/span>\n\t\t<span class=\"qodef-e-price-value\">$88<\/span>\n\t<\/span>\n\t\t<\/div>\n\t\t<div class=\"qodef-e-content\">\n\t\t\t<h4 itemprop=\"name\" class=\"qodef-e-title entry-title\" >\n\t<a itemprop=\"url\" href=\"https:\/\/hotel-falken.com\/it\/room\/stanza-panorama-superior\/\">\n\t\tStanza Panorama Superior\t<\/a>\n<\/h4>\t\t\t<div class=\"qodef-e-info-items\">\n\t\t\t\t\t<span class=\"qodef-e-room-size\">26-28 m\u00b2<\/span>\n\t\t\t\t\t<span class=\"qodef-e-capacity\">2-4 persone<\/span>\n\t\t\t<\/div>\n\t\t\t\t\t<p itemprop=\"description\" class=\"qodef-e-excerpt\">Balcone verso sud<\/p>\n\t\t\t<\/div>\n\t<\/div>\n<\/article><article class=\"qodef-e qodef-room-list-item qodef-grid-item\" >\n\t<div class=\"qodef-e-inner\">\n\t\t<div class=\"qodef-e-media\">\n\t\t\t\t<div class=\"qodef-e-media-image\" data-swiper-parallax=\"27%\">\n\t\t<a itemprop=\"url\" href=\"https:\/\/hotel-falken.com\/it\/room\/suite-giardino\/\">\n\t\t\t<img loading=\"lazy\" decoding=\"async\" width=\"2000\" height=\"1333\" src=\"https:\/\/hotel-falken.com\/wp-content\/uploads\/2022\/10\/gartensuite-hotel-pusteral.jpg\" class=\"attachment-full size-full\" alt=\"\" srcset=\"https:\/\/hotel-falken.com\/wp-content\/uploads\/2022\/10\/gartensuite-hotel-pusteral.jpg 2000w, https:\/\/hotel-falken.com\/wp-content\/uploads\/2022\/10\/gartensuite-hotel-pusteral-300x200.jpg 300w, https:\/\/hotel-falken.com\/wp-content\/uploads\/2022\/10\/gartensuite-hotel-pusteral-1024x682.jpg 1024w, https:\/\/hotel-falken.com\/wp-content\/uploads\/2022\/10\/gartensuite-hotel-pusteral-768x512.jpg 768w, https:\/\/hotel-falken.com\/wp-content\/uploads\/2022\/10\/gartensuite-hotel-pusteral-1536x1024.jpg 1536w\" sizes=\"(max-width: 2000px) 100vw, 2000px\" \/>\t\t<\/a>\n\t<\/div>\n\t\t\t\t<span class=\"qodef-e-price\">\n\t\t<span class=\"qodef-e-price-label\">da<\/span>\n\t\t<span class=\"qodef-e-price-value\">$92<\/span>\n\t<\/span>\n\t\t<\/div>\n\t\t<div class=\"qodef-e-content\">\n\t\t\t<h4 itemprop=\"name\" class=\"qodef-e-title entry-title\" >\n\t<a itemprop=\"url\" href=\"https:\/\/hotel-falken.com\/it\/room\/suite-giardino\/\">\n\t\tSuite Giardino\t<\/a>\n<\/h4>\t\t\t<div class=\"qodef-e-info-items\">\n\t\t\t\t\t<span class=\"qodef-e-room-size\">35 m\u00b2<\/span>\n\t\t\t\t\t<span class=\"qodef-e-capacity\">2-4 persone<\/span>\n\t\t\t<\/div>\n\t\t\t\t\t<p itemprop=\"description\" class=\"qodef-e-excerpt\">Balcone verso Sud o Ovest<\/p>\n\t\t\t<\/div>\n\t<\/div>\n<\/article><article class=\"qodef-e qodef-room-list-item qodef-grid-item\" >\n\t<div class=\"qodef-e-inner\">\n\t\t<div class=\"qodef-e-media\">\n\t\t\t\t\t\t\t<span class=\"qodef-e-price\">\n\t\t<span class=\"qodef-e-price-label\">da<\/span>\n\t\t<span class=\"qodef-e-price-value\">$92<\/span>\n\t<\/span>\n\t\t<\/div>\n\t\t<div class=\"qodef-e-content\">\n\t\t\t<h4 itemprop=\"name\" class=\"qodef-e-title entry-title\" >\n\t<a itemprop=\"url\" href=\"https:\/\/hotel-falken.com\/it\/room\/suite-plan-de-corones\/\">\n\t\tSuite Plan de Corones\t<\/a>\n<\/h4>\t\t\t<div class=\"qodef-e-info-items\">\n\t\t\t\t\t<span class=\"qodef-e-room-size\">35 m\u00b2<\/span>\n\t\t\t\t\t<span class=\"qodef-e-capacity\">2-4 persone<\/span>\n\t\t\t<\/div>\n\t\t\t\t\t<p itemprop=\"description\" class=\"qodef-e-excerpt\">Balcone verso Sud<\/p>\n\t\t\t<\/div>\n\t<\/div>\n<\/article><article class=\"qodef-e qodef-room-list-item qodef-grid-item\" >\n\t<div class=\"qodef-e-inner\">\n\t\t<div class=\"qodef-e-media\">\n\t\t\t\t<div class=\"qodef-e-media-image\" data-swiper-parallax=\"27%\">\n\t\t<a itemprop=\"url\" href=\"https:\/\/hotel-falken.com\/it\/room\/stanza-singola\/\">\n\t\t\t<img loading=\"lazy\" decoding=\"async\" width=\"2000\" height=\"1333\" src=\"https:\/\/hotel-falken.com\/wp-content\/uploads\/2022\/10\/einbettzimmer-falken.jpg\" class=\"attachment-full size-full\" alt=\"\" srcset=\"https:\/\/hotel-falken.com\/wp-content\/uploads\/2022\/10\/einbettzimmer-falken.jpg 2000w, https:\/\/hotel-falken.com\/wp-content\/uploads\/2022\/10\/einbettzimmer-falken-300x200.jpg 300w, https:\/\/hotel-falken.com\/wp-content\/uploads\/2022\/10\/einbettzimmer-falken-1024x682.jpg 1024w, https:\/\/hotel-falken.com\/wp-content\/uploads\/2022\/10\/einbettzimmer-falken-768x512.jpg 768w, https:\/\/hotel-falken.com\/wp-content\/uploads\/2022\/10\/einbettzimmer-falken-1536x1024.jpg 1536w\" sizes=\"(max-width: 2000px) 100vw, 2000px\" \/>\t\t<\/a>\n\t<\/div>\n\t\t\t\t<span class=\"qodef-e-price\">\n\t\t<span class=\"qodef-e-price-label\">da<\/span>\n\t\t<span class=\"qodef-e-price-value\">$94<\/span>\n\t<\/span>\n\t\t<\/div>\n\t\t<div class=\"qodef-e-content\">\n\t\t\t<h4 itemprop=\"name\" class=\"qodef-e-title entry-title\" >\n\t<a itemprop=\"url\" href=\"https:\/\/hotel-falken.com\/it\/room\/stanza-singola\/\">\n\t\tStanza singola\t<\/a>\n<\/h4>\t\t\t<div class=\"qodef-e-info-items\">\n\t\t\t\t\t<span class=\"qodef-e-room-size\">12-16 m\u00b2<\/span>\n\t\t\t\t\t\t\t<\/div>\n\t\t\t\t\t<p itemprop=\"description\" class=\"qodef-e-excerpt\">Balcone verso Nord<\/p>\n\t\t\t<\/div>\n\t<\/div>\n<\/article>\t<\/div>\n\t<\/div>\t\t\t\t<\/div>\n\t\t\t\t<\/div>\n\t\t\t\t\t<\/div>\n\t\t<\/div>\n\t\t\t\t\t<\/div>\n\t\t<\/section>\n\t\t\t\t<section class=\"elementor-section elementor-top-section elementor-element elementor-element-4392498 elementor-section-boxed elementor-section-height-default elementor-section-height-default qodef-elementor-content-no\" data-id=\"4392498\" data-element_type=\"section\">\n\t\t\t\t\t\t<div class=\"elementor-container elementor-column-gap-default\">\n\t\t\t\t\t<div class=\"elementor-column elementor-col-100 elementor-top-column elementor-element elementor-element-0128483\" data-id=\"0128483\" data-element_type=\"column\">\n\t\t\t<div class=\"elementor-widget-wrap elementor-element-populated\">\n\t\t\t\t\t\t<div class=\"elementor-element elementor-element-da07216 elementor-widget elementor-widget-heading\" data-id=\"da07216\" data-element_type=\"widget\" data-widget_type=\"heading.default\">\n\t\t\t\t<div class=\"elementor-widget-container\">\n\t\t\t\t\t<h2 class=\"elementor-heading-title elementor-size-default\">I nostri forti<\/h2>\t\t\t\t<\/div>\n\t\t\t\t<\/div>\n\t\t\t\t<div class=\"elementor-element elementor-element-da16089 elementor-widget elementor-widget-text-editor\" data-id=\"da16089\" data-element_type=\"widget\" data-widget_type=\"text-editor.default\">\n\t\t\t\t<div class=\"elementor-widget-container\">\n\t\t\t\t\t\t\t\t\t<p>Questi sono i nostri forti, e per questo il nostro albergo sarebbe il posto ideale per la vostra prossima vacanza<\/p><ul><li>piccolo albergo, molto curato, in gestione famigliare<\/li><li><strong>collaboratori<\/strong> motivati, gi\u00e0 da tanti anni con noi<\/li><li>ospitalit\u00e0, gentilezza e cordialit\u00e0 \u00e8 importante per noi e per il nostro staff \u2013 servizio ad ogni livello<\/li><li><strong><a href=\"https:\/\/hotel-falken.com\/pfalzen-pustertal\/la-cucina-sudtirolese\/?lang=it\">piatti tipici alto atesini<\/a><\/strong> e specialit\u00e0 italiane, preparati dal nostro chef di cucina Andreas -semplici e buoni<\/li><li><strong><a href=\"https:\/\/hotel-falken.com\/pfalzen-pustertal\/piscina-coperta\/?lang=it\">nuova piscina coperta<\/a><\/strong> con idromassagio integrato e acesso al giardino<\/li><li><strong><a href=\"https:\/\/hotel-falken.com\/pfalzen-pustertal\/reparto-sauna\/?lang=it\">reparto wellness<\/a><\/strong> con sauna finlandese, bagno turco a pietre naturali, sauna a raggi infrarossi e sala relax<\/li><li>camere panoramiche con bellissima vista panoramica sulle montage dei dintorni<\/li><li>suite luminose con tanto spazio anche per bambini<\/li><li><strong>ideale per famiglie<\/strong> con sala giochi per bambini, altalena e trampolino nel giardino e tanti consigli di gite con bambini<\/li><li>sole sole sole \u2013 il nostro albero si trova a Falzes, sul pi\u00f9 bel altipiano soleggiato della Val Pusteria<\/li><li>distante solo 9 km da <strong>Plan de Corones<\/strong> zona turisitica Plan de Corones \u2013 Brunico<\/li><li>distante solo 5 minuti dalla cit\u00e0 di Brunico<\/li><\/ul>\t\t\t\t\t\t\t\t<\/div>\n\t\t\t\t<\/div>\n\t\t\t\t\t<\/div>\n\t\t<\/div>\n\t\t\t\t\t<\/div>\n\t\t<\/section>\n\t\t\t\t<\/div>\n\t\t","protected":false},"excerpt":{"rendered":"<p>Unfortunately, no rooms are available for provided parameters. Please try to select other dates. I nostri forti Questi sono i nostri forti, e per questo il nostro albergo sarebbe il posto ideale per la vostra prossima vacanza piccolo albergo, molto curato, in gestione famigliare collaboratori motivati, gi\u00e0 da tanti anni con noi ospitalit\u00e0, gentilezza e [&hellip;]<\/p>\n","protected":false},"author":1,"featured_media":0,"parent":0,"menu_order":0,"comment_status":"closed","ping_status":"closed","template":"","meta":{"_acf_changed":false,"footnotes":""},"class_list":["post-6691","page","type-page","status-publish","hentry"],"acf":[],"_links":{"self":[{"href":"https:\/\/hotel-falken.com\/it\/wp-json\/wp\/v2\/pages\/6691","targetHints":{"allow":["GET"]}}],"collection":[{"href":"https:\/\/hotel-falken.com\/it\/wp-json\/wp\/v2\/pages"}],"about":[{"href":"https:\/\/hotel-falken.com\/it\/wp-json\/wp\/v2\/types\/page"}],"author":[{"embeddable":true,"href":"https:\/\/hotel-falken.com\/it\/wp-json\/wp\/v2\/users\/1"}],"replies":[{"embeddable":true,"href":"https:\/\/hotel-falken.com\/it\/wp-json\/wp\/v2\/comments?post=6691"}],"version-history":[{"count":5,"href":"https:\/\/hotel-falken.com\/it\/wp-json\/wp\/v2\/pages\/6691\/revisions"}],"predecessor-version":[{"id":6767,"href":"https:\/\/hotel-falken.com\/it\/wp-json\/wp\/v2\/pages\/6691\/revisions\/6767"}],"wp:attachment":[{"href":"https:\/\/hotel-falken.com\/it\/wp-json\/wp\/v2\/media?parent=6691"}],"curies":[{"name":"wp","href":"https:\/\/api.w.org\/{rel}","templated":true}]}}