{"id":7534,"date":"2022-12-10T19:09:24","date_gmt":"2022-12-10T18:09:24","guid":{"rendered":"https:\/\/hotel-falken.com\/suedtiroler-kueche\/"},"modified":"2023-02-13T14:21:31","modified_gmt":"2023-02-13T13:21:31","slug":"south-tyrolean-cuisine","status":"publish","type":"page","link":"https:\/\/hotel-falken.com\/en\/south-tyrolean-cuisine\/","title":{"rendered":"South Tyrolean cuisine"},"content":{"rendered":"\t\t<div data-elementor-type=\"wp-page\" data-elementor-id=\"7534\" class=\"elementor elementor-7534 elementor-6172\" data-elementor-post-type=\"page\">\n\t\t\t\t\t\t<section class=\"elementor-section elementor-top-section elementor-element elementor-element-9b36961 elementor-section-full_width qodef-elementor-content-grid elementor-section-height-default elementor-section-height-default\" data-id=\"9b36961\" data-element_type=\"section\">\n\t\t\t\t\t\t<div class=\"elementor-container elementor-column-gap-no\">\n\t\t\t\t\t<div class=\"elementor-column elementor-col-100 elementor-top-column elementor-element elementor-element-27c349a\" data-id=\"27c349a\" data-element_type=\"column\">\n\t\t\t<div class=\"elementor-widget-wrap elementor-element-populated\">\n\t\t\t\t\t\t<div class=\"elementor-element elementor-element-eaeedb0 elementor-widget elementor-widget-text-editor\" data-id=\"eaeedb0\" data-element_type=\"widget\" data-widget_type=\"text-editor.default\">\n\t\t\t\t<div class=\"elementor-widget-container\">\n\t\t\t\t\t\t\t\t\t<h3>South Tyrolean specialties<\/h3><p>We value regionality and freshness. We are proud to carry on a piece of Pustertal tradition in culinary terms. The simple, rural dishes of our area are also served in our kitchen, as well as delicious delicacies from Italian and international cuisine. Add a glass of South Tyrolean wine from the wine cellar and your soul is on holiday! Enjoy what is good for you.<\/p>\t\t\t\t\t\t\t\t<\/div>\n\t\t\t\t<\/div>\n\t\t\t\t<div class=\"elementor-element elementor-element-c206caf elementor-widget elementor-widget-alloggio_core_masonry_gallery_list\" data-id=\"c206caf\" data-element_type=\"widget\" data-widget_type=\"alloggio_core_masonry_gallery_list.default\">\n\t\t\t\t<div class=\"elementor-widget-container\">\n\t\t\t\t\t<div class=\"qodef-shortcode qodef-m  qodef-masonry-gallery-list qodef-grid qodef-layout--masonry qodef-items--fixed qodef-gutter--normal qodef-col-num--4  qodef-responsive--predefined\">\n\t<div class=\"qodef-grid-inner clear\">\n\t\t\t<div class=\"qodef-grid-masonry-sizer\"><\/div>\n\t<div class=\"qodef-grid-masonry-gutter\"><\/div>\n<div class=\"qodef-e qodef-grid-item qodef-item--square qodef-layout--simple\">\n\t<div class=\"qodef-e-inner\">\n\t\t\t<div class=\"qodef-e-media-image\">\n\t\t<img fetchpriority=\"high\" decoding=\"async\" width=\"650\" height=\"650\" src=\"https:\/\/hotel-falken.com\/wp-content\/uploads\/2022\/12\/suedtiorler-kueche-speisesaal-650x650.jpg\" class=\"attachment-alloggio_image_size_square size-alloggio_image_size_square wp-post-image\" alt=\"\" srcset=\"https:\/\/hotel-falken.com\/wp-content\/uploads\/2022\/12\/suedtiorler-kueche-speisesaal-650x650.jpg 650w, https:\/\/hotel-falken.com\/wp-content\/uploads\/2022\/12\/suedtiorler-kueche-speisesaal-300x300.jpg 300w, https:\/\/hotel-falken.com\/wp-content\/uploads\/2022\/12\/suedtiorler-kueche-speisesaal-150x150.jpg 150w, https:\/\/hotel-falken.com\/wp-content\/uploads\/2022\/12\/suedtiorler-kueche-speisesaal-768x768.jpg 768w, https:\/\/hotel-falken.com\/wp-content\/uploads\/2022\/12\/suedtiorler-kueche-speisesaal.jpg 1000w\" sizes=\"(max-width: 650px) 100vw, 650px\" \/>\t<\/div>\n\t\t\t<\/div>\n<\/div><div class=\"qodef-e qodef-grid-item qodef-item--landscape qodef-layout--simple\">\n\t<div class=\"qodef-e-inner\">\n\t\t\t<div class=\"qodef-e-media-image\">\n\t\t<img decoding=\"async\" width=\"1300\" height=\"650\" src=\"https:\/\/hotel-falken.com\/wp-content\/uploads\/2022\/12\/suedtioler-kueche-tisch-1300x650.jpg\" class=\"attachment-alloggio_image_size_landscape size-alloggio_image_size_landscape wp-post-image\" alt=\"\" srcset=\"https:\/\/hotel-falken.com\/wp-content\/uploads\/2022\/12\/suedtioler-kueche-tisch-1300x650.jpg 1300w, https:\/\/hotel-falken.com\/wp-content\/uploads\/2022\/12\/suedtioler-kueche-tisch-300x151.jpg 300w\" sizes=\"(max-width: 1300px) 100vw, 1300px\" \/>\t<\/div>\n\t\t\t<\/div>\n<\/div><div class=\"qodef-e qodef-grid-item qodef-item--square qodef-layout--simple\">\n\t<div class=\"qodef-e-inner\">\n\t\t\t<div class=\"qodef-e-media-image\">\n\t\t<img decoding=\"async\" width=\"650\" height=\"650\" src=\"https:\/\/hotel-falken.com\/wp-content\/uploads\/2022\/12\/kueche-fruehstueckstisch-650x650.jpg\" class=\"attachment-alloggio_image_size_square size-alloggio_image_size_square wp-post-image\" alt=\"\" srcset=\"https:\/\/hotel-falken.com\/wp-content\/uploads\/2022\/12\/kueche-fruehstueckstisch-650x650.jpg 650w, https:\/\/hotel-falken.com\/wp-content\/uploads\/2022\/12\/kueche-fruehstueckstisch-300x300.jpg 300w, https:\/\/hotel-falken.com\/wp-content\/uploads\/2022\/12\/kueche-fruehstueckstisch-150x150.jpg 150w, https:\/\/hotel-falken.com\/wp-content\/uploads\/2022\/12\/kueche-fruehstueckstisch-768x768.jpg 768w, https:\/\/hotel-falken.com\/wp-content\/uploads\/2022\/12\/kueche-fruehstueckstisch.jpg 1000w\" sizes=\"(max-width: 650px) 100vw, 650px\" \/>\t<\/div>\n\t\t\t<\/div>\n<\/div><div class=\"qodef-e qodef-grid-item qodef-item--portrait qodef-layout--simple\">\n\t<div class=\"qodef-e-inner\">\n\t\t\t<div class=\"qodef-e-media-image\">\n\t\t<img loading=\"lazy\" decoding=\"async\" width=\"479\" height=\"1000\" src=\"https:\/\/hotel-falken.com\/wp-content\/uploads\/2022\/12\/suedtiroler-kueche-filet.jpg\" class=\"attachment-alloggio_image_size_portrait size-alloggio_image_size_portrait wp-post-image\" alt=\"\" srcset=\"https:\/\/hotel-falken.com\/wp-content\/uploads\/2022\/12\/suedtiroler-kueche-filet.jpg 479w, https:\/\/hotel-falken.com\/wp-content\/uploads\/2022\/12\/suedtiroler-kueche-filet-144x300.jpg 144w\" sizes=\"(max-width: 479px) 100vw, 479px\" \/>\t<\/div>\n\t\t\t<\/div>\n<\/div><div class=\"qodef-e qodef-grid-item qodef-item--huge-square qodef-layout--simple\">\n\t<div class=\"qodef-e-inner\">\n\t\t\t<div class=\"qodef-e-media-image\">\n\t\t<img loading=\"lazy\" decoding=\"async\" width=\"1000\" height=\"1000\" src=\"https:\/\/hotel-falken.com\/wp-content\/uploads\/2022\/12\/suedtiroler-kueche-falken.jpg\" class=\"attachment-alloggio_image_size_huge-square size-alloggio_image_size_huge-square wp-post-image\" alt=\"\" srcset=\"https:\/\/hotel-falken.com\/wp-content\/uploads\/2022\/12\/suedtiroler-kueche-falken.jpg 1000w, https:\/\/hotel-falken.com\/wp-content\/uploads\/2022\/12\/suedtiroler-kueche-falken-300x300.jpg 300w, https:\/\/hotel-falken.com\/wp-content\/uploads\/2022\/12\/suedtiroler-kueche-falken-150x150.jpg 150w, https:\/\/hotel-falken.com\/wp-content\/uploads\/2022\/12\/suedtiroler-kueche-falken-768x768.jpg 768w, https:\/\/hotel-falken.com\/wp-content\/uploads\/2022\/12\/suedtiroler-kueche-falken-650x650.jpg 650w\" sizes=\"(max-width: 1000px) 100vw, 1000px\" \/>\t<\/div>\n\t\t\t<\/div>\n<\/div><div class=\"qodef-e qodef-grid-item qodef-item--square qodef-layout--simple\">\n\t<div class=\"qodef-e-inner\">\n\t\t\t<div class=\"qodef-e-media-image\">\n\t\t<img loading=\"lazy\" decoding=\"async\" width=\"650\" height=\"650\" src=\"https:\/\/hotel-falken.com\/wp-content\/uploads\/2022\/12\/suedtiroler-kueche-stube-650x650.jpg\" class=\"attachment-alloggio_image_size_square size-alloggio_image_size_square wp-post-image\" alt=\"\" srcset=\"https:\/\/hotel-falken.com\/wp-content\/uploads\/2022\/12\/suedtiroler-kueche-stube-650x650.jpg 650w, https:\/\/hotel-falken.com\/wp-content\/uploads\/2022\/12\/suedtiroler-kueche-stube-300x300.jpg 300w, https:\/\/hotel-falken.com\/wp-content\/uploads\/2022\/12\/suedtiroler-kueche-stube-150x150.jpg 150w, https:\/\/hotel-falken.com\/wp-content\/uploads\/2022\/12\/suedtiroler-kueche-stube-768x768.jpg 768w, https:\/\/hotel-falken.com\/wp-content\/uploads\/2022\/12\/suedtiroler-kueche-stube.jpg 1000w\" sizes=\"(max-width: 650px) 100vw, 650px\" \/>\t<\/div>\n\t\t\t<\/div>\n<\/div><div class=\"qodef-e qodef-grid-item qodef-item--square qodef-layout--simple\">\n\t<div class=\"qodef-e-inner\">\n\t\t\t<div class=\"qodef-e-media-image\">\n\t\t<img loading=\"lazy\" decoding=\"async\" width=\"650\" height=\"650\" src=\"https:\/\/hotel-falken.com\/wp-content\/uploads\/2022\/12\/suedtiroler-kueche-strudel-650x650.jpg\" class=\"attachment-alloggio_image_size_square size-alloggio_image_size_square wp-post-image\" alt=\"\" srcset=\"https:\/\/hotel-falken.com\/wp-content\/uploads\/2022\/12\/suedtiroler-kueche-strudel-650x650.jpg 650w, https:\/\/hotel-falken.com\/wp-content\/uploads\/2022\/12\/suedtiroler-kueche-strudel-300x300.jpg 300w, https:\/\/hotel-falken.com\/wp-content\/uploads\/2022\/12\/suedtiroler-kueche-strudel-150x150.jpg 150w, https:\/\/hotel-falken.com\/wp-content\/uploads\/2022\/12\/suedtiroler-kueche-strudel-768x768.jpg 768w, https:\/\/hotel-falken.com\/wp-content\/uploads\/2022\/12\/suedtiroler-kueche-strudel.jpg 1000w\" sizes=\"(max-width: 650px) 100vw, 650px\" \/>\t<\/div>\n\t\t\t<\/div>\n<\/div>\t<\/div>\n<\/div>\t\t\t\t<\/div>\n\t\t\t\t<\/div>\n\t\t\t\t<div class=\"elementor-element elementor-element-db3574e elementor-widget elementor-widget-text-editor\" data-id=\"db3574e\" data-element_type=\"widget\" data-widget_type=\"text-editor.default\">\n\t\t\t\t<div class=\"elementor-widget-container\">\n\t\t\t\t\t\t\t\t\t<h3>Recipes to cook at home<\/h3><p>Try it yourself! It really is very easy to do.<\/p>\t\t\t\t\t\t\t\t<\/div>\n\t\t\t\t<\/div>\n\t\t\t\t<section class=\"elementor-section elementor-inner-section elementor-element elementor-element-d88e194 elementor-section-full_width elementor-section-height-default elementor-section-height-default qodef-elementor-content-no\" data-id=\"d88e194\" data-element_type=\"section\">\n\t\t\t\t\t\t<div class=\"elementor-container elementor-column-gap-default\">\n\t\t\t\t\t<div class=\"elementor-column elementor-col-33 elementor-inner-column elementor-element elementor-element-edb69db\" data-id=\"edb69db\" data-element_type=\"column\">\n\t\t\t<div class=\"elementor-widget-wrap elementor-element-populated\">\n\t\t\t\t\t\t<div class=\"elementor-element elementor-element-2c5cbe8 elementor-position-top elementor-widget elementor-widget-image-box\" data-id=\"2c5cbe8\" data-element_type=\"widget\" data-widget_type=\"image-box.default\">\n\t\t\t\t<div class=\"elementor-widget-container\">\n\t\t\t\t\t<div class=\"elementor-image-box-wrapper\"><figure class=\"elementor-image-box-img\"><img loading=\"lazy\" decoding=\"async\" width=\"533\" height=\"410\" src=\"https:\/\/hotel-falken.com\/wp-content\/uploads\/2022\/12\/pustertaler-schlutzkrapfen.jpg\" class=\"attachment-full size-full wp-image-6308\" alt=\"\" srcset=\"https:\/\/hotel-falken.com\/wp-content\/uploads\/2022\/12\/pustertaler-schlutzkrapfen.jpg 533w, https:\/\/hotel-falken.com\/wp-content\/uploads\/2022\/12\/pustertaler-schlutzkrapfen-300x231.jpg 300w\" sizes=\"(max-width: 533px) 100vw, 533px\" \/><\/figure><div class=\"elementor-image-box-content\"><h3 class=\"elementor-image-box-title\">Pustertaler Schlutzkrapfen<\/h3><p class=\"elementor-image-box-description\"><b>Zutaten Teig:<\/b><br>\n300 gr. Weizenmehl<br>\n300 gr Roggenmehl<br>\nSalz<br>\nMilch zum gie\u00dfen<br><br>\n\n<b>Zutaten F\u00fcllung:<\/b><br>\n150 gr gekochter Spinat \n(passiert oder fein gehackt)<br>\n50 gr. Zwiebel, fein geschnitten, <br>Knoblauchzehe<br>\n100 gr. Topfen\neine gekochte, passierte Kartoffel<br>\nSalz, Pfeffer<br><br>\n\n<b>Zubereitung:<\/b><br>\nZwiebel und Knoblauch in einer Pfanne mit Butter anschwitzen und die restlichen Zutaten f\u00fcr die F\u00fcllung zu einer homogenen Masse zusammenmischen, gut w\u00fcrzen, evtl. auch mit ein bisschen Muskatnu\u00df. <br>Mehl mit Milch zu einem handfesten Teig sch\u00f6n glatt kneten Den Teig d\u00fcnn ausrollen und rund ausstechen (ca. 7 cm Durchmesser).<br>Die F\u00fcllung mit einem kleinen L\u00f6ffel in die Mitte geben und zu einem Halbmond zusammenfalten.<br>\nDie R\u00e4nder mit den Fingern gut andr\u00fccken. Die Schlutzkrapfen in Salzwasser Kochen, mit einer Schaumkelle herausnehmen und mit Parmesan und hei\u00dfer Butter servieren.<\/p><\/div><\/div>\t\t\t\t<\/div>\n\t\t\t\t<\/div>\n\t\t\t\t\t<\/div>\n\t\t<\/div>\n\t\t\t\t<div class=\"elementor-column elementor-col-33 elementor-inner-column elementor-element elementor-element-cab7cfc\" data-id=\"cab7cfc\" data-element_type=\"column\">\n\t\t\t<div class=\"elementor-widget-wrap elementor-element-populated\">\n\t\t\t\t\t\t<div class=\"elementor-element elementor-element-04afdb9 elementor-position-top elementor-widget elementor-widget-image-box\" data-id=\"04afdb9\" data-element_type=\"widget\" data-widget_type=\"image-box.default\">\n\t\t\t\t<div class=\"elementor-widget-container\">\n\t\t\t\t\t<div class=\"elementor-image-box-wrapper\"><figure class=\"elementor-image-box-img\"><img loading=\"lazy\" decoding=\"async\" width=\"533\" height=\"410\" src=\"https:\/\/hotel-falken.com\/wp-content\/uploads\/2022\/12\/speckknoedel.jpg\" class=\"attachment-full size-full wp-image-6352\" alt=\"\" srcset=\"https:\/\/hotel-falken.com\/wp-content\/uploads\/2022\/12\/speckknoedel.jpg 533w, https:\/\/hotel-falken.com\/wp-content\/uploads\/2022\/12\/speckknoedel-300x231.jpg 300w\" sizes=\"(max-width: 533px) 100vw, 533px\" \/><\/figure><div class=\"elementor-image-box-content\"><h3 class=\"elementor-image-box-title\">Speckkn\u00f6del<\/h3><p class=\"elementor-image-box-description\"><b>Zutaten:<\/b><br>\n150gr. schnittfestes Wei\u00dfbrot oder Kn\u00f6delbrot<br>\n1\/2 klein geschnittene Zwiebel (ca. 40gr.)<br>\n20gr. Butter (1 EL)<br>\n40gr. Mehl (2 EL)<br>\n100gr. Speck in feine W\u00fcrfel geschnitten<br>\n50gr. Kaminwurze oder Kn\u00f6delwurst<br>\n2 Eier<br>\nca. 100ml Milch oder Wasser<br>\n1 EL Petersilie oder Schnittlauch, fein geschnitten<br>\nSalz<br><br>\n\n<b>Zubereitung:<\/b><br>\nDas Wei\u00dfbrot in kleine W\u00fcrfel schneiden. Die klein geschnittene Zwiebel in der Butter d\u00fcnsten, \u00fcber das Brot geben und vermischen. Das Mehl und den Speck untermengen. Die Eier, die Milch\/Wasser, die Petersilie und das Salz verr\u00fchren, \u00fcber das Brot geben und alles mit den H\u00e4nden gut vermengen. Die Masse etwas 15 ziehen lassen, Kn\u00f6del formen und im Salzwasser kochen (ca. 10 Minuten).\n<br><br>\n\n\n<b>Unser Tipp:<\/b><br>\nServieren Sie die Speckkn\u00f6del in einer kr\u00e4ftigen Fleischsuppe, oder als Beilage zu Schweinsbraten oder Rippchen oder als Hauptspeise mit Salat. Verwenden Sie trockenes Wei\u00dfbrot und lassen Sie die Masse gut durchziehen. Wenn Sie die Kn\u00f6del mit einem L\u00f6ffel oder einer kleinen Sch\u00f6pfkelle formen, wird die Oberfl\u00e4che glatter und die Kn\u00f6del zerfallen nicht so leicht. Je nach Geschmack k\u00f6nnen Sie den Speck auf r\u00f6sten, bevor sie ihn zur Masse geben. Noch k\u00f6stlicher schmecken die Kn\u00f6del mit frischem Schnittlauch aus dem Garten.<\/p><\/div><\/div>\t\t\t\t<\/div>\n\t\t\t\t<\/div>\n\t\t\t\t\t<\/div>\n\t\t<\/div>\n\t\t\t\t<div class=\"elementor-column elementor-col-33 elementor-inner-column elementor-element elementor-element-efc6035\" data-id=\"efc6035\" data-element_type=\"column\">\n\t\t\t<div class=\"elementor-widget-wrap elementor-element-populated\">\n\t\t\t\t\t\t<div class=\"elementor-element elementor-element-e0156c3 elementor-position-top elementor-widget elementor-widget-image-box\" data-id=\"e0156c3\" data-element_type=\"widget\" data-widget_type=\"image-box.default\">\n\t\t\t\t<div class=\"elementor-widget-container\">\n\t\t\t\t\t<div class=\"elementor-image-box-wrapper\"><figure class=\"elementor-image-box-img\"><img loading=\"lazy\" decoding=\"async\" width=\"533\" height=\"410\" src=\"https:\/\/hotel-falken.com\/wp-content\/uploads\/2022\/12\/gerstesuppe.jpg\" class=\"attachment-full size-full wp-image-6355\" alt=\"\" srcset=\"https:\/\/hotel-falken.com\/wp-content\/uploads\/2022\/12\/gerstesuppe.jpg 533w, https:\/\/hotel-falken.com\/wp-content\/uploads\/2022\/12\/gerstesuppe-300x231.jpg 300w\" sizes=\"(max-width: 533px) 100vw, 533px\" \/><\/figure><div class=\"elementor-image-box-content\"><h3 class=\"elementor-image-box-title\">Tiroler Gerstesuppe<\/h3><p class=\"elementor-image-box-description\"><b>Zutaten<\/b><br>\n1 Zwiebel<br>\n1 L\u00f6ffel Butter (ca. 20 gr.)<br>\n30 gr. M\u00f6hre in W\u00fcrfel geschnitten<br>\n30 gr. Selleriestange in W\u00fcrfel geschnitten<br>\n100 gr. Gerste<br>\n1,5 lt. Wasser<br>\n80 g ger\u00e4uchertes Schweinefleisch (Selchfleisch)<br>\n1 Lorbeerblatt<br>\n50 g Kartoffeln in W\u00fcrfel geschnitten<br>\n1 L\u00f6ffel fein gehackte Petersilie<br>\nSalz und Pfeffer<br><br>\n\n<b>Zubereitung<\/b><br>\nDie Zwiebel sch\u00e4len, in kleine W\u00fcrfel schneiden und im Butter and\u00fcnsten. Die geschnittenen M\u00f6hren und den Sellerie dazugeben und ca. 5 min. weiterd\u00fcnsten. Die Gerste im Wasser abwaschen und zu dem Gem\u00fcse geben, umr\u00fchren. Mit dem Wasser aufgie\u00dfen, das ganze St\u00fcck Fleisch und das Lorbeerblatt dazugeben und alles zum kochen bringen. 20 min. vor Ende der Kochzeit der Gerste, die gew\u00fcrfelten Kartoffeln dazugeben. Kurz vor Ende der Kochzeit das St\u00fcck Fleisch herausnehmen, ein wenig ausk\u00fchlen lassen, in kleine St\u00fccke schneiden und wieder in die Suppe geben. Zum Schlu\u00df mit Salz und Pfeffer abschmecken und mit gehackter Petersilie servieren.<\/p><\/div><\/div>\t\t\t\t<\/div>\n\t\t\t\t<\/div>\n\t\t\t\t\t<\/div>\n\t\t<\/div>\n\t\t\t\t\t<\/div>\n\t\t<\/section>\n\t\t\t\t\t<\/div>\n\t\t<\/div>\n\t\t\t\t\t<\/div>\n\t\t<\/section>\n\t\t\t\t<section class=\"elementor-section elementor-top-section elementor-element elementor-element-a2afe75 elementor-section-boxed elementor-section-height-default elementor-section-height-default qodef-elementor-content-no\" data-id=\"a2afe75\" data-element_type=\"section\">\n\t\t\t\t\t\t<div class=\"elementor-container elementor-column-gap-default\">\n\t\t\t\t\t<div class=\"elementor-column elementor-col-100 elementor-top-column elementor-element elementor-element-325765e\" data-id=\"325765e\" data-element_type=\"column\">\n\t\t\t<div class=\"elementor-widget-wrap\">\n\t\t\t\t\t\t\t<\/div>\n\t\t<\/div>\n\t\t\t\t\t<\/div>\n\t\t<\/section>\n\t\t\t\t<\/div>\n\t\t","protected":false},"excerpt":{"rendered":"<p>South Tyrolean specialties We value regionality and freshness. We are proud to carry on a piece of Pustertal tradition in culinary terms. The simple, rural dishes of our area are also served in our kitchen, as well as delicious delicacies from Italian and international cuisine. Add a glass of South Tyrolean wine from the wine [&hellip;]<\/p>\n","protected":false},"author":1,"featured_media":0,"parent":0,"menu_order":0,"comment_status":"closed","ping_status":"closed","template":"page-full-width.php","meta":{"_acf_changed":false,"footnotes":""},"class_list":["post-7534","page","type-page","status-publish","hentry"],"acf":[],"_links":{"self":[{"href":"https:\/\/hotel-falken.com\/en\/wp-json\/wp\/v2\/pages\/7534","targetHints":{"allow":["GET"]}}],"collection":[{"href":"https:\/\/hotel-falken.com\/en\/wp-json\/wp\/v2\/pages"}],"about":[{"href":"https:\/\/hotel-falken.com\/en\/wp-json\/wp\/v2\/types\/page"}],"author":[{"embeddable":true,"href":"https:\/\/hotel-falken.com\/en\/wp-json\/wp\/v2\/users\/1"}],"replies":[{"embeddable":true,"href":"https:\/\/hotel-falken.com\/en\/wp-json\/wp\/v2\/comments?post=7534"}],"version-history":[{"count":4,"href":"https:\/\/hotel-falken.com\/en\/wp-json\/wp\/v2\/pages\/7534\/revisions"}],"predecessor-version":[{"id":7538,"href":"https:\/\/hotel-falken.com\/en\/wp-json\/wp\/v2\/pages\/7534\/revisions\/7538"}],"wp:attachment":[{"href":"https:\/\/hotel-falken.com\/en\/wp-json\/wp\/v2\/media?parent=7534"}],"curies":[{"name":"wp","href":"https:\/\/api.w.org\/{rel}","templated":true}]}}